{"id":17141,"date":"2024-11-11T14:43:47","date_gmt":"2024-11-11T14:43:47","guid":{"rendered":"https:\/\/owistoremaroc.com\/?post_type=product&#038;p=17141"},"modified":"2024-11-11T14:43:47","modified_gmt":"2024-11-11T14:43:47","slug":"amd-ryzen-3-3200g-wraith-stealth-edition-3-6-ghz-4-ghz-box","status":"publish","type":"product","link":"https:\/\/owistoremaroc.com\/index.php\/produit\/amd-ryzen-3-3200g-wraith-stealth-edition-3-6-ghz-4-ghz-box\/","title":{"rendered":"AMD Ryzen 3 3200G Wraith Stealth Edition (3.6 GHz \/ 4 GHz) BOX"},"content":{"rendered":"<p>Le processeur AMD Ryzen 3 3200G Wraith Stealth (3.6 GHz \/ 4 GHz) est bas\u00e9 sur l&#8217;architecture Zen+ grav\u00e9e en 12 nm. Cette deuxi\u00e8me g\u00e9n\u00e9ration Ryzen avec graphismes Radeon Vega 8 se dote de 4 coeurs, des fr\u00e9quences revues \u00e0 la hausse avec  de base 3.6 GHz et jusqu&#8217;\u00e0 4 GHz, 4 Mo de cache L3 et 65W de TDP. Il est accompagn\u00e9 de son syst\u00e8me de refroidissement ultra-efficace et silencieux AMD Wraith Stealth.<\/p>\n<p>Le Ryzen 3 3200G propos\u00e9 par AMD avec ses graphismes int\u00e9gr\u00e9s Radeon Vega est la combinaison id\u00e9ale pour l&#8217;informatique au quotidien, m\u00eame sans carte graphique d\u00e9di\u00e9e ! Il d\u00e9livre des performances multit\u00e2ches et multim\u00e9dia avanc\u00e9es tout en restant tr\u00e8s abordable.<\/p>\n","protected":false},"excerpt":{"rendered":"<p>Processeur Quad-Core 4-Threads socket AM4 Cache L3 4 Mo Radeon Vega Graphics 8 12 nm TDP 65W avec syst\u00e8me de refroidissement (version bo\u00eete)<\/p>\n","protected":false},"featured_media":17142,"comment_status":"open","ping_status":"closed","template":"","meta":{"ub_ctt_via":""},"product_cat":[325],"product_tag":[],"class_list":{"0":"post-17141","1":"product","2":"type-product","3":"status-publish","4":"has-post-thumbnail","6":"product_cat-amd","8":"first","9":"instock","10":"sale","11":"shipping-taxable","12":"purchasable","13":"product-type-simple","14":"add-to-wishlist-after_add_to_cart"},"yoast_head":"<!-- This site is optimized with the Yoast SEO plugin v23.4 - https:\/\/yoast.com\/wordpress\/plugins\/seo\/ -->\n<title>AMD Ryzen 3 3200G Wraith Stealth Edition (3.6 GHz \/ 4 GHz) BOX - OwiStore<\/title>\n<meta name=\"robots\" content=\"index, follow, max-snippet:-1, max-image-preview:large, max-video-preview:-1\" \/>\n<link rel=\"canonical\" href=\"https:\/\/owistoremaroc.com\/index.php\/produit\/amd-ryzen-3-3200g-wraith-stealth-edition-3-6-ghz-4-ghz-box\/\" \/>\n<meta property=\"og:locale\" content=\"fr_FR\" \/>\n<meta property=\"og:type\" content=\"article\" \/>\n<meta property=\"og:title\" content=\"AMD Ryzen 3 3200G Wraith Stealth Edition (3.6 GHz \/ 4 GHz) BOX - OwiStore\" \/>\n<meta property=\"og:description\" content=\"Processeur Quad-Core 4-Threads socket AM4 Cache L3 4 Mo Radeon Vega Graphics 8 12 nm TDP 65W avec syst\u00e8me de refroidissement (version bo\u00eete)\" \/>\n<meta property=\"og:url\" content=\"https:\/\/owistoremaroc.com\/index.php\/produit\/amd-ryzen-3-3200g-wraith-stealth-edition-3-6-ghz-4-ghz-box\/\" \/>\n<meta property=\"og:site_name\" content=\"OwiStore\" \/>\n<meta property=\"og:image\" content=\"https:\/\/owistoremaroc.com\/wp-content\/uploads\/2024\/11\/amd-ryzen-3-3200g-wraith-stealth-edition-36-ghz-4-ghz-box.jpg\" \/>\n\t<meta property=\"og:image:width\" content=\"600\" \/>\n\t<meta property=\"og:image:height\" content=\"600\" \/>\n\t<meta property=\"og:image:type\" content=\"image\/jpeg\" \/>\n<meta name=\"twitter:card\" content=\"summary_large_image\" \/>\n<meta name=\"twitter:label1\" content=\"Dur\u00e9e de lecture estim\u00e9e\" \/>\n\t<meta name=\"twitter:data1\" content=\"1 minute\" \/>\n<script type=\"application\/ld+json\" class=\"yoast-schema-graph\">{\"@context\":\"https:\/\/schema.org\",\"@graph\":[{\"@type\":\"WebPage\",\"@id\":\"https:\/\/owistoremaroc.com\/index.php\/produit\/amd-ryzen-3-3200g-wraith-stealth-edition-3-6-ghz-4-ghz-box\/\",\"url\":\"https:\/\/owistoremaroc.com\/index.php\/produit\/amd-ryzen-3-3200g-wraith-stealth-edition-3-6-ghz-4-ghz-box\/\",\"name\":\"AMD Ryzen 3 3200G Wraith Stealth Edition (3.6 GHz \/ 4 GHz) BOX - OwiStore\",\"isPartOf\":{\"@id\":\"https:\/\/owistoremaroc.com\/#website\"},\"primaryImageOfPage\":{\"@id\":\"https:\/\/owistoremaroc.com\/index.php\/produit\/amd-ryzen-3-3200g-wraith-stealth-edition-3-6-ghz-4-ghz-box\/#primaryimage\"},\"image\":{\"@id\":\"https:\/\/owistoremaroc.com\/index.php\/produit\/amd-ryzen-3-3200g-wraith-stealth-edition-3-6-ghz-4-ghz-box\/#primaryimage\"},\"thumbnailUrl\":\"https:\/\/owistoremaroc.com\/wp-content\/uploads\/2024\/11\/amd-ryzen-3-3200g-wraith-stealth-edition-36-ghz-4-ghz-box.jpg\",\"datePublished\":\"2024-11-11T14:43:47+00:00\",\"dateModified\":\"2024-11-11T14:43:47+00:00\",\"breadcrumb\":{\"@id\":\"https:\/\/owistoremaroc.com\/index.php\/produit\/amd-ryzen-3-3200g-wraith-stealth-edition-3-6-ghz-4-ghz-box\/#breadcrumb\"},\"inLanguage\":\"fr-FR\",\"potentialAction\":[{\"@type\":\"ReadAction\",\"target\":[\"https:\/\/owistoremaroc.com\/index.php\/produit\/amd-ryzen-3-3200g-wraith-stealth-edition-3-6-ghz-4-ghz-box\/\"]}]},{\"@type\":\"ImageObject\",\"inLanguage\":\"fr-FR\",\"@id\":\"https:\/\/owistoremaroc.com\/index.php\/produit\/amd-ryzen-3-3200g-wraith-stealth-edition-3-6-ghz-4-ghz-box\/#primaryimage\",\"url\":\"https:\/\/owistoremaroc.com\/wp-content\/uploads\/2024\/11\/amd-ryzen-3-3200g-wraith-stealth-edition-36-ghz-4-ghz-box.jpg\",\"contentUrl\":\"https:\/\/owistoremaroc.com\/wp-content\/uploads\/2024\/11\/amd-ryzen-3-3200g-wraith-stealth-edition-36-ghz-4-ghz-box.jpg\",\"width\":600,\"height\":600},{\"@type\":\"BreadcrumbList\",\"@id\":\"https:\/\/owistoremaroc.com\/index.php\/produit\/amd-ryzen-3-3200g-wraith-stealth-edition-3-6-ghz-4-ghz-box\/#breadcrumb\",\"itemListElement\":[{\"@type\":\"ListItem\",\"position\":1,\"name\":\"Accueil\",\"item\":\"https:\/\/owistoremaroc.com\/\"},{\"@type\":\"ListItem\",\"position\":2,\"name\":\"Shop\",\"item\":\"https:\/\/owistoremaroc.com\/index.php\/shop\/\"},{\"@type\":\"ListItem\",\"position\":3,\"name\":\"AMD Ryzen 3 3200G Wraith Stealth Edition (3.6 GHz \/ 4 GHz) BOX\"}]},{\"@type\":\"WebSite\",\"@id\":\"https:\/\/owistoremaroc.com\/#website\",\"url\":\"https:\/\/owistoremaroc.com\/\",\"name\":\"OwiStore\",\"description\":\"\",\"publisher\":{\"@id\":\"https:\/\/owistoremaroc.com\/#organization\"},\"potentialAction\":[{\"@type\":\"SearchAction\",\"target\":{\"@type\":\"EntryPoint\",\"urlTemplate\":\"https:\/\/owistoremaroc.com\/?s={search_term_string}\"},\"query-input\":{\"@type\":\"PropertyValueSpecification\",\"valueRequired\":true,\"valueName\":\"search_term_string\"}}],\"inLanguage\":\"fr-FR\"},{\"@type\":\"Organization\",\"@id\":\"https:\/\/owistoremaroc.com\/#organization\",\"name\":\"OwiStore\",\"url\":\"https:\/\/owistoremaroc.com\/\",\"logo\":{\"@type\":\"ImageObject\",\"inLanguage\":\"fr-FR\",\"@id\":\"https:\/\/owistoremaroc.com\/#\/schema\/logo\/image\/\",\"url\":\"https:\/\/owistoremaroc.com\/wp-content\/uploads\/2024\/07\/PhotoRoom-20240711_150305.png\",\"contentUrl\":\"https:\/\/owistoremaroc.com\/wp-content\/uploads\/2024\/07\/PhotoRoom-20240711_150305.png\",\"width\":1080,\"height\":1080,\"caption\":\"OwiStore\"},\"image\":{\"@id\":\"https:\/\/owistoremaroc.com\/#\/schema\/logo\/image\/\"}}]}<\/script>\n<!-- \/ Yoast SEO plugin. -->","yoast_head_json":{"title":"AMD Ryzen 3 3200G Wraith Stealth Edition (3.6 GHz \/ 4 GHz) BOX - OwiStore","robots":{"index":"index","follow":"follow","max-snippet":"max-snippet:-1","max-image-preview":"max-image-preview:large","max-video-preview":"max-video-preview:-1"},"canonical":"https:\/\/owistoremaroc.com\/index.php\/produit\/amd-ryzen-3-3200g-wraith-stealth-edition-3-6-ghz-4-ghz-box\/","og_locale":"fr_FR","og_type":"article","og_title":"AMD Ryzen 3 3200G Wraith Stealth Edition (3.6 GHz \/ 4 GHz) BOX - OwiStore","og_description":"Processeur Quad-Core 4-Threads socket AM4 Cache L3 4 Mo Radeon Vega Graphics 8 12 nm TDP 65W avec syst\u00e8me de refroidissement (version bo\u00eete)","og_url":"https:\/\/owistoremaroc.com\/index.php\/produit\/amd-ryzen-3-3200g-wraith-stealth-edition-3-6-ghz-4-ghz-box\/","og_site_name":"OwiStore","og_image":[{"width":600,"height":600,"url":"https:\/\/owistoremaroc.com\/wp-content\/uploads\/2024\/11\/amd-ryzen-3-3200g-wraith-stealth-edition-36-ghz-4-ghz-box.jpg","type":"image\/jpeg"}],"twitter_card":"summary_large_image","twitter_misc":{"Dur\u00e9e de lecture estim\u00e9e":"1 minute"},"schema":{"@context":"https:\/\/schema.org","@graph":[{"@type":"WebPage","@id":"https:\/\/owistoremaroc.com\/index.php\/produit\/amd-ryzen-3-3200g-wraith-stealth-edition-3-6-ghz-4-ghz-box\/","url":"https:\/\/owistoremaroc.com\/index.php\/produit\/amd-ryzen-3-3200g-wraith-stealth-edition-3-6-ghz-4-ghz-box\/","name":"AMD Ryzen 3 3200G Wraith Stealth Edition (3.6 GHz \/ 4 GHz) BOX - OwiStore","isPartOf":{"@id":"https:\/\/owistoremaroc.com\/#website"},"primaryImageOfPage":{"@id":"https:\/\/owistoremaroc.com\/index.php\/produit\/amd-ryzen-3-3200g-wraith-stealth-edition-3-6-ghz-4-ghz-box\/#primaryimage"},"image":{"@id":"https:\/\/owistoremaroc.com\/index.php\/produit\/amd-ryzen-3-3200g-wraith-stealth-edition-3-6-ghz-4-ghz-box\/#primaryimage"},"thumbnailUrl":"https:\/\/owistoremaroc.com\/wp-content\/uploads\/2024\/11\/amd-ryzen-3-3200g-wraith-stealth-edition-36-ghz-4-ghz-box.jpg","datePublished":"2024-11-11T14:43:47+00:00","dateModified":"2024-11-11T14:43:47+00:00","breadcrumb":{"@id":"https:\/\/owistoremaroc.com\/index.php\/produit\/amd-ryzen-3-3200g-wraith-stealth-edition-3-6-ghz-4-ghz-box\/#breadcrumb"},"inLanguage":"fr-FR","potentialAction":[{"@type":"ReadAction","target":["https:\/\/owistoremaroc.com\/index.php\/produit\/amd-ryzen-3-3200g-wraith-stealth-edition-3-6-ghz-4-ghz-box\/"]}]},{"@type":"ImageObject","inLanguage":"fr-FR","@id":"https:\/\/owistoremaroc.com\/index.php\/produit\/amd-ryzen-3-3200g-wraith-stealth-edition-3-6-ghz-4-ghz-box\/#primaryimage","url":"https:\/\/owistoremaroc.com\/wp-content\/uploads\/2024\/11\/amd-ryzen-3-3200g-wraith-stealth-edition-36-ghz-4-ghz-box.jpg","contentUrl":"https:\/\/owistoremaroc.com\/wp-content\/uploads\/2024\/11\/amd-ryzen-3-3200g-wraith-stealth-edition-36-ghz-4-ghz-box.jpg","width":600,"height":600},{"@type":"BreadcrumbList","@id":"https:\/\/owistoremaroc.com\/index.php\/produit\/amd-ryzen-3-3200g-wraith-stealth-edition-3-6-ghz-4-ghz-box\/#breadcrumb","itemListElement":[{"@type":"ListItem","position":1,"name":"Accueil","item":"https:\/\/owistoremaroc.com\/"},{"@type":"ListItem","position":2,"name":"Shop","item":"https:\/\/owistoremaroc.com\/index.php\/shop\/"},{"@type":"ListItem","position":3,"name":"AMD Ryzen 3 3200G Wraith Stealth Edition (3.6 GHz \/ 4 GHz) BOX"}]},{"@type":"WebSite","@id":"https:\/\/owistoremaroc.com\/#website","url":"https:\/\/owistoremaroc.com\/","name":"OwiStore","description":"","publisher":{"@id":"https:\/\/owistoremaroc.com\/#organization"},"potentialAction":[{"@type":"SearchAction","target":{"@type":"EntryPoint","urlTemplate":"https:\/\/owistoremaroc.com\/?s={search_term_string}"},"query-input":{"@type":"PropertyValueSpecification","valueRequired":true,"valueName":"search_term_string"}}],"inLanguage":"fr-FR"},{"@type":"Organization","@id":"https:\/\/owistoremaroc.com\/#organization","name":"OwiStore","url":"https:\/\/owistoremaroc.com\/","logo":{"@type":"ImageObject","inLanguage":"fr-FR","@id":"https:\/\/owistoremaroc.com\/#\/schema\/logo\/image\/","url":"https:\/\/owistoremaroc.com\/wp-content\/uploads\/2024\/07\/PhotoRoom-20240711_150305.png","contentUrl":"https:\/\/owistoremaroc.com\/wp-content\/uploads\/2024\/07\/PhotoRoom-20240711_150305.png","width":1080,"height":1080,"caption":"OwiStore"},"image":{"@id":"https:\/\/owistoremaroc.com\/#\/schema\/logo\/image\/"}}]}},"_links":{"self":[{"href":"https:\/\/owistoremaroc.com\/index.php\/wp-json\/wp\/v2\/product\/17141","targetHints":{"allow":["GET"]}}],"collection":[{"href":"https:\/\/owistoremaroc.com\/index.php\/wp-json\/wp\/v2\/product"}],"about":[{"href":"https:\/\/owistoremaroc.com\/index.php\/wp-json\/wp\/v2\/types\/product"}],"replies":[{"embeddable":true,"href":"https:\/\/owistoremaroc.com\/index.php\/wp-json\/wp\/v2\/comments?post=17141"}],"version-history":[{"count":1,"href":"https:\/\/owistoremaroc.com\/index.php\/wp-json\/wp\/v2\/product\/17141\/revisions"}],"predecessor-version":[{"id":17143,"href":"https:\/\/owistoremaroc.com\/index.php\/wp-json\/wp\/v2\/product\/17141\/revisions\/17143"}],"wp:featuredmedia":[{"embeddable":true,"href":"https:\/\/owistoremaroc.com\/index.php\/wp-json\/wp\/v2\/media\/17142"}],"wp:attachment":[{"href":"https:\/\/owistoremaroc.com\/index.php\/wp-json\/wp\/v2\/media?parent=17141"}],"wp:term":[{"taxonomy":"product_cat","embeddable":true,"href":"https:\/\/owistoremaroc.com\/index.php\/wp-json\/wp\/v2\/product_cat?post=17141"},{"taxonomy":"product_tag","embeddable":true,"href":"https:\/\/owistoremaroc.com\/index.php\/wp-json\/wp\/v2\/product_tag?post=17141"}],"curies":[{"name":"wp","href":"https:\/\/api.w.org\/{rel}","templated":true}]}}