{"id":17135,"date":"2024-11-11T14:26:04","date_gmt":"2024-11-11T14:26:04","guid":{"rendered":"https:\/\/owistoremaroc.com\/?post_type=product&#038;p=17135"},"modified":"2024-11-11T14:26:04","modified_gmt":"2024-11-11T14:26:04","slug":"teamgroup-vulcan-red-64go-2x32go-ddr5-5600-mhz-cl36","status":"publish","type":"product","link":"https:\/\/owistoremaroc.com\/index.php\/produit\/teamgroup-vulcan-red-64go-2x32go-ddr5-5600-mhz-cl36\/","title":{"rendered":"TeamGroup VULCAN Red 64GO (2x32Go) DDR5 5600 MHz CL36"},"content":{"rendered":"<p>La m\u00e9moire Team Group Beast DDR5 int\u00e8gre la toute derni\u00e8re technologie de pointe aux plateformes de jeu de prochaine g\u00e9n\u00e9ration. Poussant la vitesse, la capacit\u00e9 et la fiabilit\u00e9 encore plus loin, la DDR5 arrive avec un arsenal de fonctionnalit\u00e9s am\u00e9lior\u00e9es, comme l\u2019ECC sur puce (ODECC) pour une meilleure stabilit\u00e9 \u00e0 des vitesses extr\u00eames, des doubles sous-canaux 32 bits pour une efficacit\u00e9 accrue, et un circuit int\u00e9gr\u00e9 de gestion de l\u2019\u00e9nergie sur le module (PMIC) pour fournir de l\u2019\u00e9nergie l\u00e0 o\u00f9 elle est le plus n\u00e9cessaire.<\/p>\n","protected":false},"excerpt":{"rendered":"<p>Kit Dual Channel 2 barrettes de RAM DDR5 FLRD532G5600HC36BDC01<\/p>\n","protected":false},"featured_media":17136,"comment_status":"open","ping_status":"closed","template":"","meta":{"ub_ctt_via":""},"product_cat":[331],"product_tag":[],"class_list":{"0":"post-17135","1":"product","2":"type-product","3":"status-publish","4":"has-post-thumbnail","6":"product_cat-ram-udimm","8":"first","9":"instock","10":"sale","11":"shipping-taxable","12":"purchasable","13":"product-type-simple","14":"add-to-wishlist-after_add_to_cart"},"yoast_head":"<!-- This site is optimized with the Yoast SEO plugin v23.4 - https:\/\/yoast.com\/wordpress\/plugins\/seo\/ -->\n<title>TeamGroup VULCAN Red 64GO (2x32Go) DDR5 5600 MHz CL36 - OwiStore<\/title>\n<meta name=\"robots\" content=\"index, follow, max-snippet:-1, max-image-preview:large, max-video-preview:-1\" \/>\n<link rel=\"canonical\" href=\"https:\/\/owistoremaroc.com\/index.php\/produit\/teamgroup-vulcan-red-64go-2x32go-ddr5-5600-mhz-cl36\/\" \/>\n<meta property=\"og:locale\" content=\"fr_FR\" \/>\n<meta property=\"og:type\" content=\"article\" \/>\n<meta property=\"og:title\" content=\"TeamGroup VULCAN Red 64GO (2x32Go) DDR5 5600 MHz CL36 - OwiStore\" \/>\n<meta property=\"og:description\" content=\"Kit Dual Channel 2 barrettes de RAM DDR5 FLRD532G5600HC36BDC01\" \/>\n<meta property=\"og:url\" content=\"https:\/\/owistoremaroc.com\/index.php\/produit\/teamgroup-vulcan-red-64go-2x32go-ddr5-5600-mhz-cl36\/\" \/>\n<meta property=\"og:site_name\" content=\"OwiStore\" \/>\n<meta property=\"og:image\" content=\"https:\/\/owistoremaroc.com\/wp-content\/uploads\/2024\/11\/team-group-vulcan-red-32go-2x16go-ddr5-5600-mhz-cl36.jpg\" \/>\n\t<meta property=\"og:image:width\" content=\"600\" \/>\n\t<meta property=\"og:image:height\" content=\"600\" \/>\n\t<meta property=\"og:image:type\" content=\"image\/jpeg\" \/>\n<meta name=\"twitter:card\" content=\"summary_large_image\" \/>\n<meta name=\"twitter:label1\" content=\"Dur\u00e9e de lecture estim\u00e9e\" \/>\n\t<meta name=\"twitter:data1\" content=\"1 minute\" \/>\n<script type=\"application\/ld+json\" class=\"yoast-schema-graph\">{\"@context\":\"https:\/\/schema.org\",\"@graph\":[{\"@type\":\"WebPage\",\"@id\":\"https:\/\/owistoremaroc.com\/index.php\/produit\/teamgroup-vulcan-red-64go-2x32go-ddr5-5600-mhz-cl36\/\",\"url\":\"https:\/\/owistoremaroc.com\/index.php\/produit\/teamgroup-vulcan-red-64go-2x32go-ddr5-5600-mhz-cl36\/\",\"name\":\"TeamGroup VULCAN Red 64GO (2x32Go) DDR5 5600 MHz CL36 - OwiStore\",\"isPartOf\":{\"@id\":\"https:\/\/owistoremaroc.com\/#website\"},\"primaryImageOfPage\":{\"@id\":\"https:\/\/owistoremaroc.com\/index.php\/produit\/teamgroup-vulcan-red-64go-2x32go-ddr5-5600-mhz-cl36\/#primaryimage\"},\"image\":{\"@id\":\"https:\/\/owistoremaroc.com\/index.php\/produit\/teamgroup-vulcan-red-64go-2x32go-ddr5-5600-mhz-cl36\/#primaryimage\"},\"thumbnailUrl\":\"https:\/\/owistoremaroc.com\/wp-content\/uploads\/2024\/11\/team-group-vulcan-red-32go-2x16go-ddr5-5600-mhz-cl36.jpg\",\"datePublished\":\"2024-11-11T14:26:04+00:00\",\"dateModified\":\"2024-11-11T14:26:04+00:00\",\"breadcrumb\":{\"@id\":\"https:\/\/owistoremaroc.com\/index.php\/produit\/teamgroup-vulcan-red-64go-2x32go-ddr5-5600-mhz-cl36\/#breadcrumb\"},\"inLanguage\":\"fr-FR\",\"potentialAction\":[{\"@type\":\"ReadAction\",\"target\":[\"https:\/\/owistoremaroc.com\/index.php\/produit\/teamgroup-vulcan-red-64go-2x32go-ddr5-5600-mhz-cl36\/\"]}]},{\"@type\":\"ImageObject\",\"inLanguage\":\"fr-FR\",\"@id\":\"https:\/\/owistoremaroc.com\/index.php\/produit\/teamgroup-vulcan-red-64go-2x32go-ddr5-5600-mhz-cl36\/#primaryimage\",\"url\":\"https:\/\/owistoremaroc.com\/wp-content\/uploads\/2024\/11\/team-group-vulcan-red-32go-2x16go-ddr5-5600-mhz-cl36.jpg\",\"contentUrl\":\"https:\/\/owistoremaroc.com\/wp-content\/uploads\/2024\/11\/team-group-vulcan-red-32go-2x16go-ddr5-5600-mhz-cl36.jpg\",\"width\":600,\"height\":600},{\"@type\":\"BreadcrumbList\",\"@id\":\"https:\/\/owistoremaroc.com\/index.php\/produit\/teamgroup-vulcan-red-64go-2x32go-ddr5-5600-mhz-cl36\/#breadcrumb\",\"itemListElement\":[{\"@type\":\"ListItem\",\"position\":1,\"name\":\"Accueil\",\"item\":\"https:\/\/owistoremaroc.com\/\"},{\"@type\":\"ListItem\",\"position\":2,\"name\":\"Shop\",\"item\":\"https:\/\/owistoremaroc.com\/index.php\/shop\/\"},{\"@type\":\"ListItem\",\"position\":3,\"name\":\"TeamGroup VULCAN Red 64GO (2x32Go) DDR5 5600 MHz CL36\"}]},{\"@type\":\"WebSite\",\"@id\":\"https:\/\/owistoremaroc.com\/#website\",\"url\":\"https:\/\/owistoremaroc.com\/\",\"name\":\"OwiStore\",\"description\":\"\",\"publisher\":{\"@id\":\"https:\/\/owistoremaroc.com\/#organization\"},\"potentialAction\":[{\"@type\":\"SearchAction\",\"target\":{\"@type\":\"EntryPoint\",\"urlTemplate\":\"https:\/\/owistoremaroc.com\/?s={search_term_string}\"},\"query-input\":{\"@type\":\"PropertyValueSpecification\",\"valueRequired\":true,\"valueName\":\"search_term_string\"}}],\"inLanguage\":\"fr-FR\"},{\"@type\":\"Organization\",\"@id\":\"https:\/\/owistoremaroc.com\/#organization\",\"name\":\"OwiStore\",\"url\":\"https:\/\/owistoremaroc.com\/\",\"logo\":{\"@type\":\"ImageObject\",\"inLanguage\":\"fr-FR\",\"@id\":\"https:\/\/owistoremaroc.com\/#\/schema\/logo\/image\/\",\"url\":\"https:\/\/owistoremaroc.com\/wp-content\/uploads\/2024\/07\/PhotoRoom-20240711_150305.png\",\"contentUrl\":\"https:\/\/owistoremaroc.com\/wp-content\/uploads\/2024\/07\/PhotoRoom-20240711_150305.png\",\"width\":1080,\"height\":1080,\"caption\":\"OwiStore\"},\"image\":{\"@id\":\"https:\/\/owistoremaroc.com\/#\/schema\/logo\/image\/\"}}]}<\/script>\n<!-- \/ Yoast SEO plugin. -->","yoast_head_json":{"title":"TeamGroup VULCAN Red 64GO (2x32Go) DDR5 5600 MHz CL36 - OwiStore","robots":{"index":"index","follow":"follow","max-snippet":"max-snippet:-1","max-image-preview":"max-image-preview:large","max-video-preview":"max-video-preview:-1"},"canonical":"https:\/\/owistoremaroc.com\/index.php\/produit\/teamgroup-vulcan-red-64go-2x32go-ddr5-5600-mhz-cl36\/","og_locale":"fr_FR","og_type":"article","og_title":"TeamGroup VULCAN Red 64GO (2x32Go) DDR5 5600 MHz CL36 - OwiStore","og_description":"Kit Dual Channel 2 barrettes de RAM DDR5 FLRD532G5600HC36BDC01","og_url":"https:\/\/owistoremaroc.com\/index.php\/produit\/teamgroup-vulcan-red-64go-2x32go-ddr5-5600-mhz-cl36\/","og_site_name":"OwiStore","og_image":[{"width":600,"height":600,"url":"https:\/\/owistoremaroc.com\/wp-content\/uploads\/2024\/11\/team-group-vulcan-red-32go-2x16go-ddr5-5600-mhz-cl36.jpg","type":"image\/jpeg"}],"twitter_card":"summary_large_image","twitter_misc":{"Dur\u00e9e de lecture estim\u00e9e":"1 minute"},"schema":{"@context":"https:\/\/schema.org","@graph":[{"@type":"WebPage","@id":"https:\/\/owistoremaroc.com\/index.php\/produit\/teamgroup-vulcan-red-64go-2x32go-ddr5-5600-mhz-cl36\/","url":"https:\/\/owistoremaroc.com\/index.php\/produit\/teamgroup-vulcan-red-64go-2x32go-ddr5-5600-mhz-cl36\/","name":"TeamGroup VULCAN Red 64GO (2x32Go) DDR5 5600 MHz CL36 - OwiStore","isPartOf":{"@id":"https:\/\/owistoremaroc.com\/#website"},"primaryImageOfPage":{"@id":"https:\/\/owistoremaroc.com\/index.php\/produit\/teamgroup-vulcan-red-64go-2x32go-ddr5-5600-mhz-cl36\/#primaryimage"},"image":{"@id":"https:\/\/owistoremaroc.com\/index.php\/produit\/teamgroup-vulcan-red-64go-2x32go-ddr5-5600-mhz-cl36\/#primaryimage"},"thumbnailUrl":"https:\/\/owistoremaroc.com\/wp-content\/uploads\/2024\/11\/team-group-vulcan-red-32go-2x16go-ddr5-5600-mhz-cl36.jpg","datePublished":"2024-11-11T14:26:04+00:00","dateModified":"2024-11-11T14:26:04+00:00","breadcrumb":{"@id":"https:\/\/owistoremaroc.com\/index.php\/produit\/teamgroup-vulcan-red-64go-2x32go-ddr5-5600-mhz-cl36\/#breadcrumb"},"inLanguage":"fr-FR","potentialAction":[{"@type":"ReadAction","target":["https:\/\/owistoremaroc.com\/index.php\/produit\/teamgroup-vulcan-red-64go-2x32go-ddr5-5600-mhz-cl36\/"]}]},{"@type":"ImageObject","inLanguage":"fr-FR","@id":"https:\/\/owistoremaroc.com\/index.php\/produit\/teamgroup-vulcan-red-64go-2x32go-ddr5-5600-mhz-cl36\/#primaryimage","url":"https:\/\/owistoremaroc.com\/wp-content\/uploads\/2024\/11\/team-group-vulcan-red-32go-2x16go-ddr5-5600-mhz-cl36.jpg","contentUrl":"https:\/\/owistoremaroc.com\/wp-content\/uploads\/2024\/11\/team-group-vulcan-red-32go-2x16go-ddr5-5600-mhz-cl36.jpg","width":600,"height":600},{"@type":"BreadcrumbList","@id":"https:\/\/owistoremaroc.com\/index.php\/produit\/teamgroup-vulcan-red-64go-2x32go-ddr5-5600-mhz-cl36\/#breadcrumb","itemListElement":[{"@type":"ListItem","position":1,"name":"Accueil","item":"https:\/\/owistoremaroc.com\/"},{"@type":"ListItem","position":2,"name":"Shop","item":"https:\/\/owistoremaroc.com\/index.php\/shop\/"},{"@type":"ListItem","position":3,"name":"TeamGroup VULCAN Red 64GO (2x32Go) DDR5 5600 MHz CL36"}]},{"@type":"WebSite","@id":"https:\/\/owistoremaroc.com\/#website","url":"https:\/\/owistoremaroc.com\/","name":"OwiStore","description":"","publisher":{"@id":"https:\/\/owistoremaroc.com\/#organization"},"potentialAction":[{"@type":"SearchAction","target":{"@type":"EntryPoint","urlTemplate":"https:\/\/owistoremaroc.com\/?s={search_term_string}"},"query-input":{"@type":"PropertyValueSpecification","valueRequired":true,"valueName":"search_term_string"}}],"inLanguage":"fr-FR"},{"@type":"Organization","@id":"https:\/\/owistoremaroc.com\/#organization","name":"OwiStore","url":"https:\/\/owistoremaroc.com\/","logo":{"@type":"ImageObject","inLanguage":"fr-FR","@id":"https:\/\/owistoremaroc.com\/#\/schema\/logo\/image\/","url":"https:\/\/owistoremaroc.com\/wp-content\/uploads\/2024\/07\/PhotoRoom-20240711_150305.png","contentUrl":"https:\/\/owistoremaroc.com\/wp-content\/uploads\/2024\/07\/PhotoRoom-20240711_150305.png","width":1080,"height":1080,"caption":"OwiStore"},"image":{"@id":"https:\/\/owistoremaroc.com\/#\/schema\/logo\/image\/"}}]}},"_links":{"self":[{"href":"https:\/\/owistoremaroc.com\/index.php\/wp-json\/wp\/v2\/product\/17135","targetHints":{"allow":["GET"]}}],"collection":[{"href":"https:\/\/owistoremaroc.com\/index.php\/wp-json\/wp\/v2\/product"}],"about":[{"href":"https:\/\/owistoremaroc.com\/index.php\/wp-json\/wp\/v2\/types\/product"}],"replies":[{"embeddable":true,"href":"https:\/\/owistoremaroc.com\/index.php\/wp-json\/wp\/v2\/comments?post=17135"}],"version-history":[{"count":1,"href":"https:\/\/owistoremaroc.com\/index.php\/wp-json\/wp\/v2\/product\/17135\/revisions"}],"predecessor-version":[{"id":17137,"href":"https:\/\/owistoremaroc.com\/index.php\/wp-json\/wp\/v2\/product\/17135\/revisions\/17137"}],"wp:featuredmedia":[{"embeddable":true,"href":"https:\/\/owistoremaroc.com\/index.php\/wp-json\/wp\/v2\/media\/17136"}],"wp:attachment":[{"href":"https:\/\/owistoremaroc.com\/index.php\/wp-json\/wp\/v2\/media?parent=17135"}],"wp:term":[{"taxonomy":"product_cat","embeddable":true,"href":"https:\/\/owistoremaroc.com\/index.php\/wp-json\/wp\/v2\/product_cat?post=17135"},{"taxonomy":"product_tag","embeddable":true,"href":"https:\/\/owistoremaroc.com\/index.php\/wp-json\/wp\/v2\/product_tag?post=17135"}],"curies":[{"name":"wp","href":"https:\/\/api.w.org\/{rel}","templated":true}]}}