{"id":17118,"date":"2024-11-11T13:44:58","date_gmt":"2024-11-11T13:44:58","guid":{"rendered":"https:\/\/owistoremaroc.com\/?post_type=product&#038;p=17118"},"modified":"2024-11-11T13:44:58","modified_gmt":"2024-11-11T13:44:58","slug":"crucial-so-dimm-ddr5-32go-4800-mhz-cl40","status":"publish","type":"product","link":"https:\/\/owistoremaroc.com\/index.php\/produit\/crucial-so-dimm-ddr5-32go-4800-mhz-cl40\/","title":{"rendered":"Crucial SO-DIMM DDR5 32Go 4800 MHz CL40"},"content":{"rendered":"<p>La m\u00e9moire RAM Crucial DDR5 SO-Dimm pour ordinateur portable dispose des fr\u00e9quences requises pour les derni\u00e8res g\u00e9n\u00e9rations de processeurs multi-c\u0153urs. La m\u00e9moire Crucial DDR5 est \u00e0 sa sortie 50 % plus rapide que la DDR4. Elle est optimis\u00e9e pour am\u00e9liorer les performances et le multi-t\u00e2ches. Votre ordinateur est plus r\u00e9actif que jamais, m\u00eame quand vous avez de nombreux onglets ouverts ou que vous passez d\u2019une application \u00e0 l\u2019autre.<\/p>\n","protected":false},"excerpt":{"rendered":"<p>RAM DDR5 PC5-38400 &#8211; CT32G48C40S5<\/p>\n","protected":false},"featured_media":17119,"comment_status":"open","ping_status":"closed","template":"","meta":{"ub_ctt_via":""},"product_cat":[341],"product_tag":[],"class_list":{"0":"post-17118","1":"product","2":"type-product","3":"status-publish","4":"has-post-thumbnail","6":"product_cat-non-classe","8":"first","9":"instock","10":"sale","11":"shipping-taxable","12":"purchasable","13":"product-type-simple","14":"add-to-wishlist-after_add_to_cart"},"yoast_head":"<!-- This site is optimized with the Yoast SEO plugin v23.4 - https:\/\/yoast.com\/wordpress\/plugins\/seo\/ -->\n<title>Crucial SO-DIMM DDR5 32Go 4800 MHz CL40 - OwiStore<\/title>\n<meta name=\"robots\" content=\"index, follow, max-snippet:-1, max-image-preview:large, max-video-preview:-1\" \/>\n<link rel=\"canonical\" href=\"https:\/\/owistoremaroc.com\/index.php\/produit\/crucial-so-dimm-ddr5-32go-4800-mhz-cl40\/\" \/>\n<meta property=\"og:locale\" content=\"fr_FR\" \/>\n<meta property=\"og:type\" content=\"article\" \/>\n<meta property=\"og:title\" content=\"Crucial SO-DIMM DDR5 32Go 4800 MHz CL40 - OwiStore\" \/>\n<meta property=\"og:description\" content=\"RAM DDR5 PC5-38400 - CT32G48C40S5\" \/>\n<meta property=\"og:url\" content=\"https:\/\/owistoremaroc.com\/index.php\/produit\/crucial-so-dimm-ddr5-32go-4800-mhz-cl40\/\" \/>\n<meta property=\"og:site_name\" content=\"OwiStore\" \/>\n<meta property=\"og:image\" content=\"https:\/\/owistoremaroc.com\/wp-content\/uploads\/2024\/11\/crucial-so-dimm-ddr5-32go-4800-mhz-cl40.jpg\" \/>\n\t<meta property=\"og:image:width\" content=\"600\" \/>\n\t<meta property=\"og:image:height\" content=\"600\" \/>\n\t<meta property=\"og:image:type\" content=\"image\/jpeg\" \/>\n<meta name=\"twitter:card\" content=\"summary_large_image\" \/>\n<meta name=\"twitter:label1\" content=\"Dur\u00e9e de lecture estim\u00e9e\" \/>\n\t<meta name=\"twitter:data1\" content=\"1 minute\" \/>\n<script type=\"application\/ld+json\" class=\"yoast-schema-graph\">{\"@context\":\"https:\/\/schema.org\",\"@graph\":[{\"@type\":\"WebPage\",\"@id\":\"https:\/\/owistoremaroc.com\/index.php\/produit\/crucial-so-dimm-ddr5-32go-4800-mhz-cl40\/\",\"url\":\"https:\/\/owistoremaroc.com\/index.php\/produit\/crucial-so-dimm-ddr5-32go-4800-mhz-cl40\/\",\"name\":\"Crucial SO-DIMM DDR5 32Go 4800 MHz CL40 - OwiStore\",\"isPartOf\":{\"@id\":\"https:\/\/owistoremaroc.com\/#website\"},\"primaryImageOfPage\":{\"@id\":\"https:\/\/owistoremaroc.com\/index.php\/produit\/crucial-so-dimm-ddr5-32go-4800-mhz-cl40\/#primaryimage\"},\"image\":{\"@id\":\"https:\/\/owistoremaroc.com\/index.php\/produit\/crucial-so-dimm-ddr5-32go-4800-mhz-cl40\/#primaryimage\"},\"thumbnailUrl\":\"https:\/\/owistoremaroc.com\/wp-content\/uploads\/2024\/11\/crucial-so-dimm-ddr5-32go-4800-mhz-cl40.jpg\",\"datePublished\":\"2024-11-11T13:44:58+00:00\",\"dateModified\":\"2024-11-11T13:44:58+00:00\",\"breadcrumb\":{\"@id\":\"https:\/\/owistoremaroc.com\/index.php\/produit\/crucial-so-dimm-ddr5-32go-4800-mhz-cl40\/#breadcrumb\"},\"inLanguage\":\"fr-FR\",\"potentialAction\":[{\"@type\":\"ReadAction\",\"target\":[\"https:\/\/owistoremaroc.com\/index.php\/produit\/crucial-so-dimm-ddr5-32go-4800-mhz-cl40\/\"]}]},{\"@type\":\"ImageObject\",\"inLanguage\":\"fr-FR\",\"@id\":\"https:\/\/owistoremaroc.com\/index.php\/produit\/crucial-so-dimm-ddr5-32go-4800-mhz-cl40\/#primaryimage\",\"url\":\"https:\/\/owistoremaroc.com\/wp-content\/uploads\/2024\/11\/crucial-so-dimm-ddr5-32go-4800-mhz-cl40.jpg\",\"contentUrl\":\"https:\/\/owistoremaroc.com\/wp-content\/uploads\/2024\/11\/crucial-so-dimm-ddr5-32go-4800-mhz-cl40.jpg\",\"width\":600,\"height\":600},{\"@type\":\"BreadcrumbList\",\"@id\":\"https:\/\/owistoremaroc.com\/index.php\/produit\/crucial-so-dimm-ddr5-32go-4800-mhz-cl40\/#breadcrumb\",\"itemListElement\":[{\"@type\":\"ListItem\",\"position\":1,\"name\":\"Accueil\",\"item\":\"https:\/\/owistoremaroc.com\/\"},{\"@type\":\"ListItem\",\"position\":2,\"name\":\"Shop\",\"item\":\"https:\/\/owistoremaroc.com\/index.php\/shop\/\"},{\"@type\":\"ListItem\",\"position\":3,\"name\":\"Crucial SO-DIMM DDR5 32Go 4800 MHz CL40\"}]},{\"@type\":\"WebSite\",\"@id\":\"https:\/\/owistoremaroc.com\/#website\",\"url\":\"https:\/\/owistoremaroc.com\/\",\"name\":\"OwiStore\",\"description\":\"\",\"publisher\":{\"@id\":\"https:\/\/owistoremaroc.com\/#organization\"},\"potentialAction\":[{\"@type\":\"SearchAction\",\"target\":{\"@type\":\"EntryPoint\",\"urlTemplate\":\"https:\/\/owistoremaroc.com\/?s={search_term_string}\"},\"query-input\":{\"@type\":\"PropertyValueSpecification\",\"valueRequired\":true,\"valueName\":\"search_term_string\"}}],\"inLanguage\":\"fr-FR\"},{\"@type\":\"Organization\",\"@id\":\"https:\/\/owistoremaroc.com\/#organization\",\"name\":\"OwiStore\",\"url\":\"https:\/\/owistoremaroc.com\/\",\"logo\":{\"@type\":\"ImageObject\",\"inLanguage\":\"fr-FR\",\"@id\":\"https:\/\/owistoremaroc.com\/#\/schema\/logo\/image\/\",\"url\":\"https:\/\/owistoremaroc.com\/wp-content\/uploads\/2024\/07\/PhotoRoom-20240711_150305.png\",\"contentUrl\":\"https:\/\/owistoremaroc.com\/wp-content\/uploads\/2024\/07\/PhotoRoom-20240711_150305.png\",\"width\":1080,\"height\":1080,\"caption\":\"OwiStore\"},\"image\":{\"@id\":\"https:\/\/owistoremaroc.com\/#\/schema\/logo\/image\/\"}}]}<\/script>\n<!-- \/ Yoast SEO plugin. -->","yoast_head_json":{"title":"Crucial SO-DIMM DDR5 32Go 4800 MHz CL40 - OwiStore","robots":{"index":"index","follow":"follow","max-snippet":"max-snippet:-1","max-image-preview":"max-image-preview:large","max-video-preview":"max-video-preview:-1"},"canonical":"https:\/\/owistoremaroc.com\/index.php\/produit\/crucial-so-dimm-ddr5-32go-4800-mhz-cl40\/","og_locale":"fr_FR","og_type":"article","og_title":"Crucial SO-DIMM DDR5 32Go 4800 MHz CL40 - OwiStore","og_description":"RAM DDR5 PC5-38400 - CT32G48C40S5","og_url":"https:\/\/owistoremaroc.com\/index.php\/produit\/crucial-so-dimm-ddr5-32go-4800-mhz-cl40\/","og_site_name":"OwiStore","og_image":[{"width":600,"height":600,"url":"https:\/\/owistoremaroc.com\/wp-content\/uploads\/2024\/11\/crucial-so-dimm-ddr5-32go-4800-mhz-cl40.jpg","type":"image\/jpeg"}],"twitter_card":"summary_large_image","twitter_misc":{"Dur\u00e9e de lecture estim\u00e9e":"1 minute"},"schema":{"@context":"https:\/\/schema.org","@graph":[{"@type":"WebPage","@id":"https:\/\/owistoremaroc.com\/index.php\/produit\/crucial-so-dimm-ddr5-32go-4800-mhz-cl40\/","url":"https:\/\/owistoremaroc.com\/index.php\/produit\/crucial-so-dimm-ddr5-32go-4800-mhz-cl40\/","name":"Crucial SO-DIMM DDR5 32Go 4800 MHz CL40 - OwiStore","isPartOf":{"@id":"https:\/\/owistoremaroc.com\/#website"},"primaryImageOfPage":{"@id":"https:\/\/owistoremaroc.com\/index.php\/produit\/crucial-so-dimm-ddr5-32go-4800-mhz-cl40\/#primaryimage"},"image":{"@id":"https:\/\/owistoremaroc.com\/index.php\/produit\/crucial-so-dimm-ddr5-32go-4800-mhz-cl40\/#primaryimage"},"thumbnailUrl":"https:\/\/owistoremaroc.com\/wp-content\/uploads\/2024\/11\/crucial-so-dimm-ddr5-32go-4800-mhz-cl40.jpg","datePublished":"2024-11-11T13:44:58+00:00","dateModified":"2024-11-11T13:44:58+00:00","breadcrumb":{"@id":"https:\/\/owistoremaroc.com\/index.php\/produit\/crucial-so-dimm-ddr5-32go-4800-mhz-cl40\/#breadcrumb"},"inLanguage":"fr-FR","potentialAction":[{"@type":"ReadAction","target":["https:\/\/owistoremaroc.com\/index.php\/produit\/crucial-so-dimm-ddr5-32go-4800-mhz-cl40\/"]}]},{"@type":"ImageObject","inLanguage":"fr-FR","@id":"https:\/\/owistoremaroc.com\/index.php\/produit\/crucial-so-dimm-ddr5-32go-4800-mhz-cl40\/#primaryimage","url":"https:\/\/owistoremaroc.com\/wp-content\/uploads\/2024\/11\/crucial-so-dimm-ddr5-32go-4800-mhz-cl40.jpg","contentUrl":"https:\/\/owistoremaroc.com\/wp-content\/uploads\/2024\/11\/crucial-so-dimm-ddr5-32go-4800-mhz-cl40.jpg","width":600,"height":600},{"@type":"BreadcrumbList","@id":"https:\/\/owistoremaroc.com\/index.php\/produit\/crucial-so-dimm-ddr5-32go-4800-mhz-cl40\/#breadcrumb","itemListElement":[{"@type":"ListItem","position":1,"name":"Accueil","item":"https:\/\/owistoremaroc.com\/"},{"@type":"ListItem","position":2,"name":"Shop","item":"https:\/\/owistoremaroc.com\/index.php\/shop\/"},{"@type":"ListItem","position":3,"name":"Crucial SO-DIMM DDR5 32Go 4800 MHz CL40"}]},{"@type":"WebSite","@id":"https:\/\/owistoremaroc.com\/#website","url":"https:\/\/owistoremaroc.com\/","name":"OwiStore","description":"","publisher":{"@id":"https:\/\/owistoremaroc.com\/#organization"},"potentialAction":[{"@type":"SearchAction","target":{"@type":"EntryPoint","urlTemplate":"https:\/\/owistoremaroc.com\/?s={search_term_string}"},"query-input":{"@type":"PropertyValueSpecification","valueRequired":true,"valueName":"search_term_string"}}],"inLanguage":"fr-FR"},{"@type":"Organization","@id":"https:\/\/owistoremaroc.com\/#organization","name":"OwiStore","url":"https:\/\/owistoremaroc.com\/","logo":{"@type":"ImageObject","inLanguage":"fr-FR","@id":"https:\/\/owistoremaroc.com\/#\/schema\/logo\/image\/","url":"https:\/\/owistoremaroc.com\/wp-content\/uploads\/2024\/07\/PhotoRoom-20240711_150305.png","contentUrl":"https:\/\/owistoremaroc.com\/wp-content\/uploads\/2024\/07\/PhotoRoom-20240711_150305.png","width":1080,"height":1080,"caption":"OwiStore"},"image":{"@id":"https:\/\/owistoremaroc.com\/#\/schema\/logo\/image\/"}}]}},"_links":{"self":[{"href":"https:\/\/owistoremaroc.com\/index.php\/wp-json\/wp\/v2\/product\/17118","targetHints":{"allow":["GET"]}}],"collection":[{"href":"https:\/\/owistoremaroc.com\/index.php\/wp-json\/wp\/v2\/product"}],"about":[{"href":"https:\/\/owistoremaroc.com\/index.php\/wp-json\/wp\/v2\/types\/product"}],"replies":[{"embeddable":true,"href":"https:\/\/owistoremaroc.com\/index.php\/wp-json\/wp\/v2\/comments?post=17118"}],"version-history":[{"count":1,"href":"https:\/\/owistoremaroc.com\/index.php\/wp-json\/wp\/v2\/product\/17118\/revisions"}],"predecessor-version":[{"id":17120,"href":"https:\/\/owistoremaroc.com\/index.php\/wp-json\/wp\/v2\/product\/17118\/revisions\/17120"}],"wp:featuredmedia":[{"embeddable":true,"href":"https:\/\/owistoremaroc.com\/index.php\/wp-json\/wp\/v2\/media\/17119"}],"wp:attachment":[{"href":"https:\/\/owistoremaroc.com\/index.php\/wp-json\/wp\/v2\/media?parent=17118"}],"wp:term":[{"taxonomy":"product_cat","embeddable":true,"href":"https:\/\/owistoremaroc.com\/index.php\/wp-json\/wp\/v2\/product_cat?post=17118"},{"taxonomy":"product_tag","embeddable":true,"href":"https:\/\/owistoremaroc.com\/index.php\/wp-json\/wp\/v2\/product_tag?post=17118"}],"curies":[{"name":"wp","href":"https:\/\/api.w.org\/{rel}","templated":true}]}}