{"id":17037,"date":"2024-11-04T11:19:21","date_gmt":"2024-11-04T11:19:21","guid":{"rendered":"https:\/\/owistoremaroc.com\/?post_type=product&#038;p=17037"},"modified":"2024-11-04T15:11:36","modified_gmt":"2024-11-04T15:11:36","slug":"telephone-ip-wi-fi-sans-fil-grandstream-wp822","status":"publish","type":"product","link":"https:\/\/owistoremaroc.com\/index.php\/produit\/telephone-ip-wi-fi-sans-fil-grandstream-wp822\/","title":{"rendered":"WP822"},"content":{"rendered":"<p>Le t\u00e9l\u00e9phone IP Wi-Fi sans fil Grandstream WP822 offre une solution mobile et robuste pour les entreprises, id\u00e9ale pour le commerce de d\u00e9tail, la logistique, le secteur m\u00e9dical et la s\u00e9curit\u00e9. Dot\u00e9 de Wi-Fi double bande 802.11a\/b\/g\/n\/ac avec itin\u00e9rance avanc\u00e9e, il assure une connectivit\u00e9 fiable. Deux comptes SIP permettent une gestion flexible des appels, tandis que la voix HD et le double micro assurent une qualit\u00e9 audio exceptionnelle. Avec une batterie longue dur\u00e9e de 2000 mAh, 8 heures de conversation et Bluetooth int\u00e9gr\u00e9 pour les casques, le WP822 optimise la mobilit\u00e9 et la productivit\u00e9 o\u00f9 que vous soyez.<\/p>\n","protected":false},"excerpt":{"rendered":"<h1 class=\"h1 productpage_title\">T\u00e9l\u00e9phone IP Wi-Fi sans fil Grandstream WP822<\/h1>\n","protected":false},"featured_media":17038,"comment_status":"open","ping_status":"closed","template":"","meta":{"ub_ctt_via":""},"product_cat":[261],"product_tag":[],"class_list":{"0":"post-17037","1":"product","2":"type-product","3":"status-publish","4":"has-post-thumbnail","6":"product_cat-telephonie-ip","8":"first","9":"instock","10":"shipping-taxable","11":"product-type-simple","12":"add-to-wishlist-after_add_to_cart"},"yoast_head":"<!-- This site is optimized with the Yoast SEO plugin v23.4 - https:\/\/yoast.com\/wordpress\/plugins\/seo\/ -->\n<title>WP822 - OwiStore<\/title>\n<meta name=\"robots\" content=\"index, follow, max-snippet:-1, max-image-preview:large, max-video-preview:-1\" \/>\n<link rel=\"canonical\" href=\"https:\/\/owistoremaroc.com\/index.php\/produit\/telephone-ip-wi-fi-sans-fil-grandstream-wp822\/\" \/>\n<meta property=\"og:locale\" content=\"fr_FR\" \/>\n<meta property=\"og:type\" content=\"article\" \/>\n<meta property=\"og:title\" content=\"WP822 - OwiStore\" \/>\n<meta property=\"og:description\" content=\"T\u00e9l\u00e9phone IP Wi-Fi sans fil Grandstream WP822\" \/>\n<meta property=\"og:url\" content=\"https:\/\/owistoremaroc.com\/index.php\/produit\/telephone-ip-wi-fi-sans-fil-grandstream-wp822\/\" \/>\n<meta property=\"og:site_name\" content=\"OwiStore\" \/>\n<meta property=\"article:modified_time\" content=\"2024-11-04T15:11:36+00:00\" \/>\n<meta property=\"og:image\" content=\"https:\/\/owistoremaroc.com\/wp-content\/uploads\/2024\/11\/telephone-ip-wi-fi-sans-fil-grandstream-wp822.jpg\" \/>\n\t<meta property=\"og:image:width\" content=\"973\" \/>\n\t<meta property=\"og:image:height\" content=\"1000\" \/>\n\t<meta property=\"og:image:type\" content=\"image\/jpeg\" \/>\n<meta name=\"twitter:card\" content=\"summary_large_image\" \/>\n<meta name=\"twitter:label1\" content=\"Dur\u00e9e de lecture estim\u00e9e\" \/>\n\t<meta name=\"twitter:data1\" content=\"1 minute\" \/>\n<script type=\"application\/ld+json\" class=\"yoast-schema-graph\">{\"@context\":\"https:\/\/schema.org\",\"@graph\":[{\"@type\":\"WebPage\",\"@id\":\"https:\/\/owistoremaroc.com\/index.php\/produit\/telephone-ip-wi-fi-sans-fil-grandstream-wp822\/\",\"url\":\"https:\/\/owistoremaroc.com\/index.php\/produit\/telephone-ip-wi-fi-sans-fil-grandstream-wp822\/\",\"name\":\"WP822 - OwiStore\",\"isPartOf\":{\"@id\":\"https:\/\/owistoremaroc.com\/#website\"},\"primaryImageOfPage\":{\"@id\":\"https:\/\/owistoremaroc.com\/index.php\/produit\/telephone-ip-wi-fi-sans-fil-grandstream-wp822\/#primaryimage\"},\"image\":{\"@id\":\"https:\/\/owistoremaroc.com\/index.php\/produit\/telephone-ip-wi-fi-sans-fil-grandstream-wp822\/#primaryimage\"},\"thumbnailUrl\":\"https:\/\/owistoremaroc.com\/wp-content\/uploads\/2024\/11\/telephone-ip-wi-fi-sans-fil-grandstream-wp822.jpg\",\"datePublished\":\"2024-11-04T11:19:21+00:00\",\"dateModified\":\"2024-11-04T15:11:36+00:00\",\"breadcrumb\":{\"@id\":\"https:\/\/owistoremaroc.com\/index.php\/produit\/telephone-ip-wi-fi-sans-fil-grandstream-wp822\/#breadcrumb\"},\"inLanguage\":\"fr-FR\",\"potentialAction\":[{\"@type\":\"ReadAction\",\"target\":[\"https:\/\/owistoremaroc.com\/index.php\/produit\/telephone-ip-wi-fi-sans-fil-grandstream-wp822\/\"]}]},{\"@type\":\"ImageObject\",\"inLanguage\":\"fr-FR\",\"@id\":\"https:\/\/owistoremaroc.com\/index.php\/produit\/telephone-ip-wi-fi-sans-fil-grandstream-wp822\/#primaryimage\",\"url\":\"https:\/\/owistoremaroc.com\/wp-content\/uploads\/2024\/11\/telephone-ip-wi-fi-sans-fil-grandstream-wp822.jpg\",\"contentUrl\":\"https:\/\/owistoremaroc.com\/wp-content\/uploads\/2024\/11\/telephone-ip-wi-fi-sans-fil-grandstream-wp822.jpg\",\"width\":973,\"height\":1000},{\"@type\":\"BreadcrumbList\",\"@id\":\"https:\/\/owistoremaroc.com\/index.php\/produit\/telephone-ip-wi-fi-sans-fil-grandstream-wp822\/#breadcrumb\",\"itemListElement\":[{\"@type\":\"ListItem\",\"position\":1,\"name\":\"Accueil\",\"item\":\"https:\/\/owistoremaroc.com\/\"},{\"@type\":\"ListItem\",\"position\":2,\"name\":\"Shop\",\"item\":\"https:\/\/owistoremaroc.com\/index.php\/shop\/\"},{\"@type\":\"ListItem\",\"position\":3,\"name\":\"WP822\"}]},{\"@type\":\"WebSite\",\"@id\":\"https:\/\/owistoremaroc.com\/#website\",\"url\":\"https:\/\/owistoremaroc.com\/\",\"name\":\"OwiStore\",\"description\":\"\",\"publisher\":{\"@id\":\"https:\/\/owistoremaroc.com\/#organization\"},\"potentialAction\":[{\"@type\":\"SearchAction\",\"target\":{\"@type\":\"EntryPoint\",\"urlTemplate\":\"https:\/\/owistoremaroc.com\/?s={search_term_string}\"},\"query-input\":{\"@type\":\"PropertyValueSpecification\",\"valueRequired\":true,\"valueName\":\"search_term_string\"}}],\"inLanguage\":\"fr-FR\"},{\"@type\":\"Organization\",\"@id\":\"https:\/\/owistoremaroc.com\/#organization\",\"name\":\"OwiStore\",\"url\":\"https:\/\/owistoremaroc.com\/\",\"logo\":{\"@type\":\"ImageObject\",\"inLanguage\":\"fr-FR\",\"@id\":\"https:\/\/owistoremaroc.com\/#\/schema\/logo\/image\/\",\"url\":\"https:\/\/owistoremaroc.com\/wp-content\/uploads\/2024\/07\/PhotoRoom-20240711_150305.png\",\"contentUrl\":\"https:\/\/owistoremaroc.com\/wp-content\/uploads\/2024\/07\/PhotoRoom-20240711_150305.png\",\"width\":1080,\"height\":1080,\"caption\":\"OwiStore\"},\"image\":{\"@id\":\"https:\/\/owistoremaroc.com\/#\/schema\/logo\/image\/\"}}]}<\/script>\n<!-- \/ Yoast SEO plugin. -->","yoast_head_json":{"title":"WP822 - OwiStore","robots":{"index":"index","follow":"follow","max-snippet":"max-snippet:-1","max-image-preview":"max-image-preview:large","max-video-preview":"max-video-preview:-1"},"canonical":"https:\/\/owistoremaroc.com\/index.php\/produit\/telephone-ip-wi-fi-sans-fil-grandstream-wp822\/","og_locale":"fr_FR","og_type":"article","og_title":"WP822 - OwiStore","og_description":"T\u00e9l\u00e9phone IP Wi-Fi sans fil Grandstream WP822","og_url":"https:\/\/owistoremaroc.com\/index.php\/produit\/telephone-ip-wi-fi-sans-fil-grandstream-wp822\/","og_site_name":"OwiStore","article_modified_time":"2024-11-04T15:11:36+00:00","og_image":[{"width":973,"height":1000,"url":"https:\/\/owistoremaroc.com\/wp-content\/uploads\/2024\/11\/telephone-ip-wi-fi-sans-fil-grandstream-wp822.jpg","type":"image\/jpeg"}],"twitter_card":"summary_large_image","twitter_misc":{"Dur\u00e9e de lecture estim\u00e9e":"1 minute"},"schema":{"@context":"https:\/\/schema.org","@graph":[{"@type":"WebPage","@id":"https:\/\/owistoremaroc.com\/index.php\/produit\/telephone-ip-wi-fi-sans-fil-grandstream-wp822\/","url":"https:\/\/owistoremaroc.com\/index.php\/produit\/telephone-ip-wi-fi-sans-fil-grandstream-wp822\/","name":"WP822 - OwiStore","isPartOf":{"@id":"https:\/\/owistoremaroc.com\/#website"},"primaryImageOfPage":{"@id":"https:\/\/owistoremaroc.com\/index.php\/produit\/telephone-ip-wi-fi-sans-fil-grandstream-wp822\/#primaryimage"},"image":{"@id":"https:\/\/owistoremaroc.com\/index.php\/produit\/telephone-ip-wi-fi-sans-fil-grandstream-wp822\/#primaryimage"},"thumbnailUrl":"https:\/\/owistoremaroc.com\/wp-content\/uploads\/2024\/11\/telephone-ip-wi-fi-sans-fil-grandstream-wp822.jpg","datePublished":"2024-11-04T11:19:21+00:00","dateModified":"2024-11-04T15:11:36+00:00","breadcrumb":{"@id":"https:\/\/owistoremaroc.com\/index.php\/produit\/telephone-ip-wi-fi-sans-fil-grandstream-wp822\/#breadcrumb"},"inLanguage":"fr-FR","potentialAction":[{"@type":"ReadAction","target":["https:\/\/owistoremaroc.com\/index.php\/produit\/telephone-ip-wi-fi-sans-fil-grandstream-wp822\/"]}]},{"@type":"ImageObject","inLanguage":"fr-FR","@id":"https:\/\/owistoremaroc.com\/index.php\/produit\/telephone-ip-wi-fi-sans-fil-grandstream-wp822\/#primaryimage","url":"https:\/\/owistoremaroc.com\/wp-content\/uploads\/2024\/11\/telephone-ip-wi-fi-sans-fil-grandstream-wp822.jpg","contentUrl":"https:\/\/owistoremaroc.com\/wp-content\/uploads\/2024\/11\/telephone-ip-wi-fi-sans-fil-grandstream-wp822.jpg","width":973,"height":1000},{"@type":"BreadcrumbList","@id":"https:\/\/owistoremaroc.com\/index.php\/produit\/telephone-ip-wi-fi-sans-fil-grandstream-wp822\/#breadcrumb","itemListElement":[{"@type":"ListItem","position":1,"name":"Accueil","item":"https:\/\/owistoremaroc.com\/"},{"@type":"ListItem","position":2,"name":"Shop","item":"https:\/\/owistoremaroc.com\/index.php\/shop\/"},{"@type":"ListItem","position":3,"name":"WP822"}]},{"@type":"WebSite","@id":"https:\/\/owistoremaroc.com\/#website","url":"https:\/\/owistoremaroc.com\/","name":"OwiStore","description":"","publisher":{"@id":"https:\/\/owistoremaroc.com\/#organization"},"potentialAction":[{"@type":"SearchAction","target":{"@type":"EntryPoint","urlTemplate":"https:\/\/owistoremaroc.com\/?s={search_term_string}"},"query-input":{"@type":"PropertyValueSpecification","valueRequired":true,"valueName":"search_term_string"}}],"inLanguage":"fr-FR"},{"@type":"Organization","@id":"https:\/\/owistoremaroc.com\/#organization","name":"OwiStore","url":"https:\/\/owistoremaroc.com\/","logo":{"@type":"ImageObject","inLanguage":"fr-FR","@id":"https:\/\/owistoremaroc.com\/#\/schema\/logo\/image\/","url":"https:\/\/owistoremaroc.com\/wp-content\/uploads\/2024\/07\/PhotoRoom-20240711_150305.png","contentUrl":"https:\/\/owistoremaroc.com\/wp-content\/uploads\/2024\/07\/PhotoRoom-20240711_150305.png","width":1080,"height":1080,"caption":"OwiStore"},"image":{"@id":"https:\/\/owistoremaroc.com\/#\/schema\/logo\/image\/"}}]}},"_links":{"self":[{"href":"https:\/\/owistoremaroc.com\/index.php\/wp-json\/wp\/v2\/product\/17037","targetHints":{"allow":["GET"]}}],"collection":[{"href":"https:\/\/owistoremaroc.com\/index.php\/wp-json\/wp\/v2\/product"}],"about":[{"href":"https:\/\/owistoremaroc.com\/index.php\/wp-json\/wp\/v2\/types\/product"}],"replies":[{"embeddable":true,"href":"https:\/\/owistoremaroc.com\/index.php\/wp-json\/wp\/v2\/comments?post=17037"}],"version-history":[{"count":2,"href":"https:\/\/owistoremaroc.com\/index.php\/wp-json\/wp\/v2\/product\/17037\/revisions"}],"predecessor-version":[{"id":17072,"href":"https:\/\/owistoremaroc.com\/index.php\/wp-json\/wp\/v2\/product\/17037\/revisions\/17072"}],"wp:featuredmedia":[{"embeddable":true,"href":"https:\/\/owistoremaroc.com\/index.php\/wp-json\/wp\/v2\/media\/17038"}],"wp:attachment":[{"href":"https:\/\/owistoremaroc.com\/index.php\/wp-json\/wp\/v2\/media?parent=17037"}],"wp:term":[{"taxonomy":"product_cat","embeddable":true,"href":"https:\/\/owistoremaroc.com\/index.php\/wp-json\/wp\/v2\/product_cat?post=17037"},{"taxonomy":"product_tag","embeddable":true,"href":"https:\/\/owistoremaroc.com\/index.php\/wp-json\/wp\/v2\/product_tag?post=17037"}],"curies":[{"name":"wp","href":"https:\/\/api.w.org\/{rel}","templated":true}]}}