{"id":16996,"date":"2024-10-28T13:53:11","date_gmt":"2024-10-28T13:53:11","guid":{"rendered":"https:\/\/owistoremaroc.com\/?post_type=product&#038;p=16996"},"modified":"2024-10-28T14:05:46","modified_gmt":"2024-10-28T14:05:46","slug":"skilldesk-black-flag","status":"publish","type":"product","link":"https:\/\/owistoremaroc.com\/index.php\/produit\/skilldesk-black-flag\/","title":{"rendered":"SKILLDESK BLACK FLAG"},"content":{"rendered":"<p>D\u00e9couvrez le bureau SKILLDESK BLACK FLAG , con\u00e7u pour offrir une exp\u00e9rience ergonomique et adaptable. Que ce soit pour le travail ou le gaming, il permet de passer facilement d\u2019une position assise \u00e0 debout, favorisant le confort et la productivit\u00e9. Avec son design moderne et des mat\u00e9riaux robustes, ce bureau allie esth\u00e9tique et durabilit\u00e9. Livr\u00e9 avec un tapis de souris couvrant toute la surface, il assure une utilisation fluide et agr\u00e9able. SkillDesk, de la marque SkillChairs, est id\u00e9al pour ceux qui recherchent un espace de travail pratique et \u00e9l\u00e9gant.<\/p>\n","protected":false},"excerpt":{"rendered":"<p>Moteur unique\u00a0: Ajustement rapide et silencieux de la hauteur.<br \/>\nHauteur r\u00e9glable \u00e9lectriquement\u00a0: 72 \u00e0 117 cm pour s\u2019adapter \u00e0 tous les besoins.<br \/>\nDimensions ( L x H x P ):\u00a0140*60*\uff0872-117\uff09 cm<br \/>\nM\u00e9moire intelligente\u00a0: Enregistrement de plusieurs hauteurs pr\u00e9d\u00e9finies.<br \/>\nPlateau en fibre de carbone P2PB\u00a0: 15 mm d&#8217;\u00e9paisseur, r\u00e9sistant et esth\u00e9tique.<br \/>\nMat\u00e9riaux\u00a0: P2PB \/ ABS d\u2019ing\u00e9nierie pour une solidit\u00e9 optimale.<br \/>\nNormes d&#8217;emballage e-commerce\u00a0: Exp\u00e9dition en toute s\u00e9curit\u00e9 et sans risque.<br \/>\nTapis de souris pleine surface inclus\u00a0: Dimensions 140 x 60 x 0,2 cm pour une utilisation fluide.<\/p>\n","protected":false},"featured_media":16997,"comment_status":"open","ping_status":"closed","template":"","meta":{"ub_ctt_via":""},"product_cat":[316],"product_tag":[],"class_list":{"0":"post-16996","1":"product","2":"type-product","3":"status-publish","4":"has-post-thumbnail","6":"product_cat-bureau-gamer","8":"first","9":"instock","10":"sale","11":"shipping-taxable","12":"purchasable","13":"product-type-simple","14":"add-to-wishlist-after_add_to_cart"},"yoast_head":"<!-- This site is optimized with the Yoast SEO plugin v23.4 - https:\/\/yoast.com\/wordpress\/plugins\/seo\/ -->\n<title>SKILLDESK BLACK FLAG - OwiStore<\/title>\n<meta name=\"robots\" content=\"index, follow, max-snippet:-1, max-image-preview:large, max-video-preview:-1\" \/>\n<link rel=\"canonical\" href=\"https:\/\/owistoremaroc.com\/index.php\/produit\/skilldesk-black-flag\/\" \/>\n<meta property=\"og:locale\" content=\"fr_FR\" \/>\n<meta property=\"og:type\" content=\"article\" \/>\n<meta property=\"og:title\" content=\"SKILLDESK BLACK FLAG - OwiStore\" \/>\n<meta property=\"og:description\" content=\"Moteur unique\u00a0: Ajustement rapide et silencieux de la hauteur. Hauteur r\u00e9glable \u00e9lectriquement\u00a0: 72 \u00e0 117 cm pour s\u2019adapter \u00e0 tous les besoins. Dimensions ( L x H x P ):\u00a0140*60*\uff0872-117\uff09 cm M\u00e9moire intelligente\u00a0: Enregistrement de plusieurs hauteurs pr\u00e9d\u00e9finies. Plateau en fibre de carbone P2PB\u00a0: 15 mm d&#039;\u00e9paisseur, r\u00e9sistant et esth\u00e9tique. Mat\u00e9riaux\u00a0: P2PB \/ ABS d\u2019ing\u00e9nierie pour une solidit\u00e9 optimale. Normes d&#039;emballage e-commerce\u00a0: Exp\u00e9dition en toute s\u00e9curit\u00e9 et sans risque. Tapis de souris pleine surface inclus\u00a0: Dimensions 140 x 60 x 0,2 cm pour une utilisation fluide.\" \/>\n<meta property=\"og:url\" content=\"https:\/\/owistoremaroc.com\/index.php\/produit\/skilldesk-black-flag\/\" \/>\n<meta property=\"og:site_name\" content=\"OwiStore\" \/>\n<meta property=\"article:modified_time\" content=\"2024-10-28T14:05:46+00:00\" \/>\n<meta property=\"og:image\" content=\"https:\/\/owistoremaroc.com\/wp-content\/uploads\/2024\/10\/skilldesk-black-flag.jpg\" \/>\n\t<meta property=\"og:image:width\" content=\"600\" \/>\n\t<meta property=\"og:image:height\" content=\"600\" \/>\n\t<meta property=\"og:image:type\" content=\"image\/jpeg\" \/>\n<meta name=\"twitter:card\" content=\"summary_large_image\" \/>\n<meta name=\"twitter:label1\" content=\"Dur\u00e9e de lecture estim\u00e9e\" \/>\n\t<meta name=\"twitter:data1\" content=\"1 minute\" \/>\n<script type=\"application\/ld+json\" class=\"yoast-schema-graph\">{\"@context\":\"https:\/\/schema.org\",\"@graph\":[{\"@type\":\"WebPage\",\"@id\":\"https:\/\/owistoremaroc.com\/index.php\/produit\/skilldesk-black-flag\/\",\"url\":\"https:\/\/owistoremaroc.com\/index.php\/produit\/skilldesk-black-flag\/\",\"name\":\"SKILLDESK BLACK FLAG - OwiStore\",\"isPartOf\":{\"@id\":\"https:\/\/owistoremaroc.com\/#website\"},\"primaryImageOfPage\":{\"@id\":\"https:\/\/owistoremaroc.com\/index.php\/produit\/skilldesk-black-flag\/#primaryimage\"},\"image\":{\"@id\":\"https:\/\/owistoremaroc.com\/index.php\/produit\/skilldesk-black-flag\/#primaryimage\"},\"thumbnailUrl\":\"https:\/\/owistoremaroc.com\/wp-content\/uploads\/2024\/10\/skilldesk-black-flag.jpg\",\"datePublished\":\"2024-10-28T13:53:11+00:00\",\"dateModified\":\"2024-10-28T14:05:46+00:00\",\"breadcrumb\":{\"@id\":\"https:\/\/owistoremaroc.com\/index.php\/produit\/skilldesk-black-flag\/#breadcrumb\"},\"inLanguage\":\"fr-FR\",\"potentialAction\":[{\"@type\":\"ReadAction\",\"target\":[\"https:\/\/owistoremaroc.com\/index.php\/produit\/skilldesk-black-flag\/\"]}]},{\"@type\":\"ImageObject\",\"inLanguage\":\"fr-FR\",\"@id\":\"https:\/\/owistoremaroc.com\/index.php\/produit\/skilldesk-black-flag\/#primaryimage\",\"url\":\"https:\/\/owistoremaroc.com\/wp-content\/uploads\/2024\/10\/skilldesk-black-flag.jpg\",\"contentUrl\":\"https:\/\/owistoremaroc.com\/wp-content\/uploads\/2024\/10\/skilldesk-black-flag.jpg\",\"width\":600,\"height\":600},{\"@type\":\"BreadcrumbList\",\"@id\":\"https:\/\/owistoremaroc.com\/index.php\/produit\/skilldesk-black-flag\/#breadcrumb\",\"itemListElement\":[{\"@type\":\"ListItem\",\"position\":1,\"name\":\"Accueil\",\"item\":\"https:\/\/owistoremaroc.com\/\"},{\"@type\":\"ListItem\",\"position\":2,\"name\":\"Shop\",\"item\":\"https:\/\/owistoremaroc.com\/index.php\/shop\/\"},{\"@type\":\"ListItem\",\"position\":3,\"name\":\"SKILLDESK BLACK FLAG\"}]},{\"@type\":\"WebSite\",\"@id\":\"https:\/\/owistoremaroc.com\/#website\",\"url\":\"https:\/\/owistoremaroc.com\/\",\"name\":\"OwiStore\",\"description\":\"\",\"publisher\":{\"@id\":\"https:\/\/owistoremaroc.com\/#organization\"},\"potentialAction\":[{\"@type\":\"SearchAction\",\"target\":{\"@type\":\"EntryPoint\",\"urlTemplate\":\"https:\/\/owistoremaroc.com\/?s={search_term_string}\"},\"query-input\":{\"@type\":\"PropertyValueSpecification\",\"valueRequired\":true,\"valueName\":\"search_term_string\"}}],\"inLanguage\":\"fr-FR\"},{\"@type\":\"Organization\",\"@id\":\"https:\/\/owistoremaroc.com\/#organization\",\"name\":\"OwiStore\",\"url\":\"https:\/\/owistoremaroc.com\/\",\"logo\":{\"@type\":\"ImageObject\",\"inLanguage\":\"fr-FR\",\"@id\":\"https:\/\/owistoremaroc.com\/#\/schema\/logo\/image\/\",\"url\":\"https:\/\/owistoremaroc.com\/wp-content\/uploads\/2024\/07\/PhotoRoom-20240711_150305.png\",\"contentUrl\":\"https:\/\/owistoremaroc.com\/wp-content\/uploads\/2024\/07\/PhotoRoom-20240711_150305.png\",\"width\":1080,\"height\":1080,\"caption\":\"OwiStore\"},\"image\":{\"@id\":\"https:\/\/owistoremaroc.com\/#\/schema\/logo\/image\/\"}}]}<\/script>\n<!-- \/ Yoast SEO plugin. -->","yoast_head_json":{"title":"SKILLDESK BLACK FLAG - OwiStore","robots":{"index":"index","follow":"follow","max-snippet":"max-snippet:-1","max-image-preview":"max-image-preview:large","max-video-preview":"max-video-preview:-1"},"canonical":"https:\/\/owistoremaroc.com\/index.php\/produit\/skilldesk-black-flag\/","og_locale":"fr_FR","og_type":"article","og_title":"SKILLDESK BLACK FLAG - OwiStore","og_description":"Moteur unique\u00a0: Ajustement rapide et silencieux de la hauteur. Hauteur r\u00e9glable \u00e9lectriquement\u00a0: 72 \u00e0 117 cm pour s\u2019adapter \u00e0 tous les besoins. Dimensions ( L x H x P ):\u00a0140*60*\uff0872-117\uff09 cm M\u00e9moire intelligente\u00a0: Enregistrement de plusieurs hauteurs pr\u00e9d\u00e9finies. Plateau en fibre de carbone P2PB\u00a0: 15 mm d'\u00e9paisseur, r\u00e9sistant et esth\u00e9tique. Mat\u00e9riaux\u00a0: P2PB \/ ABS d\u2019ing\u00e9nierie pour une solidit\u00e9 optimale. Normes d'emballage e-commerce\u00a0: Exp\u00e9dition en toute s\u00e9curit\u00e9 et sans risque. Tapis de souris pleine surface inclus\u00a0: Dimensions 140 x 60 x 0,2 cm pour une utilisation fluide.","og_url":"https:\/\/owistoremaroc.com\/index.php\/produit\/skilldesk-black-flag\/","og_site_name":"OwiStore","article_modified_time":"2024-10-28T14:05:46+00:00","og_image":[{"width":600,"height":600,"url":"https:\/\/owistoremaroc.com\/wp-content\/uploads\/2024\/10\/skilldesk-black-flag.jpg","type":"image\/jpeg"}],"twitter_card":"summary_large_image","twitter_misc":{"Dur\u00e9e de lecture estim\u00e9e":"1 minute"},"schema":{"@context":"https:\/\/schema.org","@graph":[{"@type":"WebPage","@id":"https:\/\/owistoremaroc.com\/index.php\/produit\/skilldesk-black-flag\/","url":"https:\/\/owistoremaroc.com\/index.php\/produit\/skilldesk-black-flag\/","name":"SKILLDESK BLACK FLAG - OwiStore","isPartOf":{"@id":"https:\/\/owistoremaroc.com\/#website"},"primaryImageOfPage":{"@id":"https:\/\/owistoremaroc.com\/index.php\/produit\/skilldesk-black-flag\/#primaryimage"},"image":{"@id":"https:\/\/owistoremaroc.com\/index.php\/produit\/skilldesk-black-flag\/#primaryimage"},"thumbnailUrl":"https:\/\/owistoremaroc.com\/wp-content\/uploads\/2024\/10\/skilldesk-black-flag.jpg","datePublished":"2024-10-28T13:53:11+00:00","dateModified":"2024-10-28T14:05:46+00:00","breadcrumb":{"@id":"https:\/\/owistoremaroc.com\/index.php\/produit\/skilldesk-black-flag\/#breadcrumb"},"inLanguage":"fr-FR","potentialAction":[{"@type":"ReadAction","target":["https:\/\/owistoremaroc.com\/index.php\/produit\/skilldesk-black-flag\/"]}]},{"@type":"ImageObject","inLanguage":"fr-FR","@id":"https:\/\/owistoremaroc.com\/index.php\/produit\/skilldesk-black-flag\/#primaryimage","url":"https:\/\/owistoremaroc.com\/wp-content\/uploads\/2024\/10\/skilldesk-black-flag.jpg","contentUrl":"https:\/\/owistoremaroc.com\/wp-content\/uploads\/2024\/10\/skilldesk-black-flag.jpg","width":600,"height":600},{"@type":"BreadcrumbList","@id":"https:\/\/owistoremaroc.com\/index.php\/produit\/skilldesk-black-flag\/#breadcrumb","itemListElement":[{"@type":"ListItem","position":1,"name":"Accueil","item":"https:\/\/owistoremaroc.com\/"},{"@type":"ListItem","position":2,"name":"Shop","item":"https:\/\/owistoremaroc.com\/index.php\/shop\/"},{"@type":"ListItem","position":3,"name":"SKILLDESK BLACK FLAG"}]},{"@type":"WebSite","@id":"https:\/\/owistoremaroc.com\/#website","url":"https:\/\/owistoremaroc.com\/","name":"OwiStore","description":"","publisher":{"@id":"https:\/\/owistoremaroc.com\/#organization"},"potentialAction":[{"@type":"SearchAction","target":{"@type":"EntryPoint","urlTemplate":"https:\/\/owistoremaroc.com\/?s={search_term_string}"},"query-input":{"@type":"PropertyValueSpecification","valueRequired":true,"valueName":"search_term_string"}}],"inLanguage":"fr-FR"},{"@type":"Organization","@id":"https:\/\/owistoremaroc.com\/#organization","name":"OwiStore","url":"https:\/\/owistoremaroc.com\/","logo":{"@type":"ImageObject","inLanguage":"fr-FR","@id":"https:\/\/owistoremaroc.com\/#\/schema\/logo\/image\/","url":"https:\/\/owistoremaroc.com\/wp-content\/uploads\/2024\/07\/PhotoRoom-20240711_150305.png","contentUrl":"https:\/\/owistoremaroc.com\/wp-content\/uploads\/2024\/07\/PhotoRoom-20240711_150305.png","width":1080,"height":1080,"caption":"OwiStore"},"image":{"@id":"https:\/\/owistoremaroc.com\/#\/schema\/logo\/image\/"}}]}},"_links":{"self":[{"href":"https:\/\/owistoremaroc.com\/index.php\/wp-json\/wp\/v2\/product\/16996","targetHints":{"allow":["GET"]}}],"collection":[{"href":"https:\/\/owistoremaroc.com\/index.php\/wp-json\/wp\/v2\/product"}],"about":[{"href":"https:\/\/owistoremaroc.com\/index.php\/wp-json\/wp\/v2\/types\/product"}],"replies":[{"embeddable":true,"href":"https:\/\/owistoremaroc.com\/index.php\/wp-json\/wp\/v2\/comments?post=16996"}],"version-history":[{"count":1,"href":"https:\/\/owistoremaroc.com\/index.php\/wp-json\/wp\/v2\/product\/16996\/revisions"}],"predecessor-version":[{"id":17002,"href":"https:\/\/owistoremaroc.com\/index.php\/wp-json\/wp\/v2\/product\/16996\/revisions\/17002"}],"wp:featuredmedia":[{"embeddable":true,"href":"https:\/\/owistoremaroc.com\/index.php\/wp-json\/wp\/v2\/media\/16997"}],"wp:attachment":[{"href":"https:\/\/owistoremaroc.com\/index.php\/wp-json\/wp\/v2\/media?parent=16996"}],"wp:term":[{"taxonomy":"product_cat","embeddable":true,"href":"https:\/\/owistoremaroc.com\/index.php\/wp-json\/wp\/v2\/product_cat?post=16996"},{"taxonomy":"product_tag","embeddable":true,"href":"https:\/\/owistoremaroc.com\/index.php\/wp-json\/wp\/v2\/product_tag?post=16996"}],"curies":[{"name":"wp","href":"https:\/\/api.w.org\/{rel}","templated":true}]}}