{"id":16964,"date":"2024-10-28T10:45:54","date_gmt":"2024-10-28T10:45:54","guid":{"rendered":"https:\/\/owistoremaroc.com\/?post_type=product&#038;p=16964"},"modified":"2024-10-28T10:53:07","modified_gmt":"2024-10-28T10:53:07","slug":"amd-ryzen-5-5500-3-6-ghz-4-2-ghz-tray","status":"publish","type":"product","link":"https:\/\/owistoremaroc.com\/index.php\/produit\/amd-ryzen-5-5500-3-6-ghz-4-2-ghz-tray\/","title":{"rendered":"AMD Ryzen 5 5500 (3.6 GHz \/ 4.2 GHz) Tray"},"content":{"rendered":"<p>con\u00e7ue pour offrir des performances exceptionnelles dans les applications informatiques, y compris les jeux. Il dispose de six c\u0153urs et de douze threads, ce qui signifie qu&#8217;il peut ex\u00e9cuter jusqu&#8217;\u00e0 douze t\u00e2ches simultan\u00e9es. Son architecture 7 nm lui permet d&#8217;\u00eatre efficace sur le plan \u00e9nerg\u00e9tique tout en offrant des performances \u00e9lev\u00e9es.<\/p>\n<p>La fr\u00e9quence de base du processeur est de 3,6 GHz, ce qui signifie qu&#8217;il fonctionne \u00e0 cette vitesse par d\u00e9faut. Cependant, il est \u00e9galement dot\u00e9 d&#8217;une technologie de boost qui peut augmenter sa fr\u00e9quence jusqu&#8217;\u00e0 4,2 GHz lorsque cela est n\u00e9cessaire, offrant ainsi une puissance suppl\u00e9mentaire pour les charges de travail intensives.<\/p>\n<p>Ce processeur est \u00e9quip\u00e9 d&#8217;un cache L3 de 19 Mo, ce qui lui permet de stocker et d&#8217;acc\u00e9der rapidement aux donn\u00e9es fr\u00e9quemment utilis\u00e9es, am\u00e9liorant ainsi les performances globales du syst\u00e8me. Son enveloppe thermique maximale (TDP) est de 65W, ce qui signifie qu&#8217;il g\u00e9n\u00e8re moins de chaleur et consomme moins d&#8217;\u00e9nergie, contribuant ainsi \u00e0 une meilleure efficacit\u00e9 \u00e9nerg\u00e9tique.<\/p>\n","protected":false},"excerpt":{"rendered":"<p>Processeur 6-Core 12-Threads socket AM4 GameCache 19 Mo 7 nm TDP 65W (version Tray sans ventilateur)<\/p>\n","protected":false},"featured_media":16965,"comment_status":"open","ping_status":"closed","template":"","meta":{"ub_ctt_via":""},"product_cat":[325,318],"product_tag":[],"class_list":{"0":"post-16964","1":"product","2":"type-product","3":"status-publish","4":"has-post-thumbnail","6":"product_cat-amd","7":"product_cat-processeur","9":"first","10":"instock","11":"sale","12":"shipping-taxable","13":"purchasable","14":"product-type-simple","15":"add-to-wishlist-after_add_to_cart"},"yoast_head":"<!-- This site is optimized with the Yoast SEO plugin v23.4 - https:\/\/yoast.com\/wordpress\/plugins\/seo\/ -->\n<title>AMD Ryzen 5 5500 (3.6 GHz \/ 4.2 GHz) Tray - OwiStore<\/title>\n<meta name=\"robots\" content=\"index, follow, max-snippet:-1, max-image-preview:large, max-video-preview:-1\" \/>\n<link rel=\"canonical\" href=\"https:\/\/owistoremaroc.com\/index.php\/produit\/amd-ryzen-5-5500-3-6-ghz-4-2-ghz-tray\/\" \/>\n<meta property=\"og:locale\" content=\"fr_FR\" \/>\n<meta property=\"og:type\" content=\"article\" \/>\n<meta property=\"og:title\" content=\"AMD Ryzen 5 5500 (3.6 GHz \/ 4.2 GHz) Tray - OwiStore\" \/>\n<meta property=\"og:description\" content=\"Processeur 6-Core 12-Threads socket AM4 GameCache 19 Mo 7 nm TDP 65W (version Tray sans ventilateur)\" \/>\n<meta property=\"og:url\" content=\"https:\/\/owistoremaroc.com\/index.php\/produit\/amd-ryzen-5-5500-3-6-ghz-4-2-ghz-tray\/\" \/>\n<meta property=\"og:site_name\" content=\"OwiStore\" \/>\n<meta property=\"article:modified_time\" content=\"2024-10-28T10:53:07+00:00\" \/>\n<meta property=\"og:image\" content=\"https:\/\/owistoremaroc.com\/wp-content\/uploads\/2024\/10\/amd-ryzen-5-5500-36-ghz-42-ghz-tray.png\" \/>\n\t<meta property=\"og:image:width\" content=\"600\" \/>\n\t<meta property=\"og:image:height\" content=\"600\" \/>\n\t<meta property=\"og:image:type\" content=\"image\/png\" \/>\n<meta name=\"twitter:card\" content=\"summary_large_image\" \/>\n<meta name=\"twitter:label1\" content=\"Dur\u00e9e de lecture estim\u00e9e\" \/>\n\t<meta name=\"twitter:data1\" content=\"2 minutes\" \/>\n<script type=\"application\/ld+json\" class=\"yoast-schema-graph\">{\"@context\":\"https:\/\/schema.org\",\"@graph\":[{\"@type\":\"WebPage\",\"@id\":\"https:\/\/owistoremaroc.com\/index.php\/produit\/amd-ryzen-5-5500-3-6-ghz-4-2-ghz-tray\/\",\"url\":\"https:\/\/owistoremaroc.com\/index.php\/produit\/amd-ryzen-5-5500-3-6-ghz-4-2-ghz-tray\/\",\"name\":\"AMD Ryzen 5 5500 (3.6 GHz \/ 4.2 GHz) Tray - OwiStore\",\"isPartOf\":{\"@id\":\"https:\/\/owistoremaroc.com\/#website\"},\"primaryImageOfPage\":{\"@id\":\"https:\/\/owistoremaroc.com\/index.php\/produit\/amd-ryzen-5-5500-3-6-ghz-4-2-ghz-tray\/#primaryimage\"},\"image\":{\"@id\":\"https:\/\/owistoremaroc.com\/index.php\/produit\/amd-ryzen-5-5500-3-6-ghz-4-2-ghz-tray\/#primaryimage\"},\"thumbnailUrl\":\"https:\/\/owistoremaroc.com\/wp-content\/uploads\/2024\/10\/amd-ryzen-5-5500-36-ghz-42-ghz-tray.png\",\"datePublished\":\"2024-10-28T10:45:54+00:00\",\"dateModified\":\"2024-10-28T10:53:07+00:00\",\"breadcrumb\":{\"@id\":\"https:\/\/owistoremaroc.com\/index.php\/produit\/amd-ryzen-5-5500-3-6-ghz-4-2-ghz-tray\/#breadcrumb\"},\"inLanguage\":\"fr-FR\",\"potentialAction\":[{\"@type\":\"ReadAction\",\"target\":[\"https:\/\/owistoremaroc.com\/index.php\/produit\/amd-ryzen-5-5500-3-6-ghz-4-2-ghz-tray\/\"]}]},{\"@type\":\"ImageObject\",\"inLanguage\":\"fr-FR\",\"@id\":\"https:\/\/owistoremaroc.com\/index.php\/produit\/amd-ryzen-5-5500-3-6-ghz-4-2-ghz-tray\/#primaryimage\",\"url\":\"https:\/\/owistoremaroc.com\/wp-content\/uploads\/2024\/10\/amd-ryzen-5-5500-36-ghz-42-ghz-tray.png\",\"contentUrl\":\"https:\/\/owistoremaroc.com\/wp-content\/uploads\/2024\/10\/amd-ryzen-5-5500-36-ghz-42-ghz-tray.png\",\"width\":600,\"height\":600},{\"@type\":\"BreadcrumbList\",\"@id\":\"https:\/\/owistoremaroc.com\/index.php\/produit\/amd-ryzen-5-5500-3-6-ghz-4-2-ghz-tray\/#breadcrumb\",\"itemListElement\":[{\"@type\":\"ListItem\",\"position\":1,\"name\":\"Accueil\",\"item\":\"https:\/\/owistoremaroc.com\/\"},{\"@type\":\"ListItem\",\"position\":2,\"name\":\"Shop\",\"item\":\"https:\/\/owistoremaroc.com\/index.php\/shop\/\"},{\"@type\":\"ListItem\",\"position\":3,\"name\":\"AMD Ryzen 5 5500 (3.6 GHz \/ 4.2 GHz) Tray\"}]},{\"@type\":\"WebSite\",\"@id\":\"https:\/\/owistoremaroc.com\/#website\",\"url\":\"https:\/\/owistoremaroc.com\/\",\"name\":\"OwiStore\",\"description\":\"\",\"publisher\":{\"@id\":\"https:\/\/owistoremaroc.com\/#organization\"},\"potentialAction\":[{\"@type\":\"SearchAction\",\"target\":{\"@type\":\"EntryPoint\",\"urlTemplate\":\"https:\/\/owistoremaroc.com\/?s={search_term_string}\"},\"query-input\":{\"@type\":\"PropertyValueSpecification\",\"valueRequired\":true,\"valueName\":\"search_term_string\"}}],\"inLanguage\":\"fr-FR\"},{\"@type\":\"Organization\",\"@id\":\"https:\/\/owistoremaroc.com\/#organization\",\"name\":\"OwiStore\",\"url\":\"https:\/\/owistoremaroc.com\/\",\"logo\":{\"@type\":\"ImageObject\",\"inLanguage\":\"fr-FR\",\"@id\":\"https:\/\/owistoremaroc.com\/#\/schema\/logo\/image\/\",\"url\":\"https:\/\/owistoremaroc.com\/wp-content\/uploads\/2024\/07\/PhotoRoom-20240711_150305.png\",\"contentUrl\":\"https:\/\/owistoremaroc.com\/wp-content\/uploads\/2024\/07\/PhotoRoom-20240711_150305.png\",\"width\":1080,\"height\":1080,\"caption\":\"OwiStore\"},\"image\":{\"@id\":\"https:\/\/owistoremaroc.com\/#\/schema\/logo\/image\/\"}}]}<\/script>\n<!-- \/ Yoast SEO plugin. -->","yoast_head_json":{"title":"AMD Ryzen 5 5500 (3.6 GHz \/ 4.2 GHz) Tray - OwiStore","robots":{"index":"index","follow":"follow","max-snippet":"max-snippet:-1","max-image-preview":"max-image-preview:large","max-video-preview":"max-video-preview:-1"},"canonical":"https:\/\/owistoremaroc.com\/index.php\/produit\/amd-ryzen-5-5500-3-6-ghz-4-2-ghz-tray\/","og_locale":"fr_FR","og_type":"article","og_title":"AMD Ryzen 5 5500 (3.6 GHz \/ 4.2 GHz) Tray - OwiStore","og_description":"Processeur 6-Core 12-Threads socket AM4 GameCache 19 Mo 7 nm TDP 65W (version Tray sans ventilateur)","og_url":"https:\/\/owistoremaroc.com\/index.php\/produit\/amd-ryzen-5-5500-3-6-ghz-4-2-ghz-tray\/","og_site_name":"OwiStore","article_modified_time":"2024-10-28T10:53:07+00:00","og_image":[{"width":600,"height":600,"url":"https:\/\/owistoremaroc.com\/wp-content\/uploads\/2024\/10\/amd-ryzen-5-5500-36-ghz-42-ghz-tray.png","type":"image\/png"}],"twitter_card":"summary_large_image","twitter_misc":{"Dur\u00e9e de lecture estim\u00e9e":"2 minutes"},"schema":{"@context":"https:\/\/schema.org","@graph":[{"@type":"WebPage","@id":"https:\/\/owistoremaroc.com\/index.php\/produit\/amd-ryzen-5-5500-3-6-ghz-4-2-ghz-tray\/","url":"https:\/\/owistoremaroc.com\/index.php\/produit\/amd-ryzen-5-5500-3-6-ghz-4-2-ghz-tray\/","name":"AMD Ryzen 5 5500 (3.6 GHz \/ 4.2 GHz) Tray - OwiStore","isPartOf":{"@id":"https:\/\/owistoremaroc.com\/#website"},"primaryImageOfPage":{"@id":"https:\/\/owistoremaroc.com\/index.php\/produit\/amd-ryzen-5-5500-3-6-ghz-4-2-ghz-tray\/#primaryimage"},"image":{"@id":"https:\/\/owistoremaroc.com\/index.php\/produit\/amd-ryzen-5-5500-3-6-ghz-4-2-ghz-tray\/#primaryimage"},"thumbnailUrl":"https:\/\/owistoremaroc.com\/wp-content\/uploads\/2024\/10\/amd-ryzen-5-5500-36-ghz-42-ghz-tray.png","datePublished":"2024-10-28T10:45:54+00:00","dateModified":"2024-10-28T10:53:07+00:00","breadcrumb":{"@id":"https:\/\/owistoremaroc.com\/index.php\/produit\/amd-ryzen-5-5500-3-6-ghz-4-2-ghz-tray\/#breadcrumb"},"inLanguage":"fr-FR","potentialAction":[{"@type":"ReadAction","target":["https:\/\/owistoremaroc.com\/index.php\/produit\/amd-ryzen-5-5500-3-6-ghz-4-2-ghz-tray\/"]}]},{"@type":"ImageObject","inLanguage":"fr-FR","@id":"https:\/\/owistoremaroc.com\/index.php\/produit\/amd-ryzen-5-5500-3-6-ghz-4-2-ghz-tray\/#primaryimage","url":"https:\/\/owistoremaroc.com\/wp-content\/uploads\/2024\/10\/amd-ryzen-5-5500-36-ghz-42-ghz-tray.png","contentUrl":"https:\/\/owistoremaroc.com\/wp-content\/uploads\/2024\/10\/amd-ryzen-5-5500-36-ghz-42-ghz-tray.png","width":600,"height":600},{"@type":"BreadcrumbList","@id":"https:\/\/owistoremaroc.com\/index.php\/produit\/amd-ryzen-5-5500-3-6-ghz-4-2-ghz-tray\/#breadcrumb","itemListElement":[{"@type":"ListItem","position":1,"name":"Accueil","item":"https:\/\/owistoremaroc.com\/"},{"@type":"ListItem","position":2,"name":"Shop","item":"https:\/\/owistoremaroc.com\/index.php\/shop\/"},{"@type":"ListItem","position":3,"name":"AMD Ryzen 5 5500 (3.6 GHz \/ 4.2 GHz) Tray"}]},{"@type":"WebSite","@id":"https:\/\/owistoremaroc.com\/#website","url":"https:\/\/owistoremaroc.com\/","name":"OwiStore","description":"","publisher":{"@id":"https:\/\/owistoremaroc.com\/#organization"},"potentialAction":[{"@type":"SearchAction","target":{"@type":"EntryPoint","urlTemplate":"https:\/\/owistoremaroc.com\/?s={search_term_string}"},"query-input":{"@type":"PropertyValueSpecification","valueRequired":true,"valueName":"search_term_string"}}],"inLanguage":"fr-FR"},{"@type":"Organization","@id":"https:\/\/owistoremaroc.com\/#organization","name":"OwiStore","url":"https:\/\/owistoremaroc.com\/","logo":{"@type":"ImageObject","inLanguage":"fr-FR","@id":"https:\/\/owistoremaroc.com\/#\/schema\/logo\/image\/","url":"https:\/\/owistoremaroc.com\/wp-content\/uploads\/2024\/07\/PhotoRoom-20240711_150305.png","contentUrl":"https:\/\/owistoremaroc.com\/wp-content\/uploads\/2024\/07\/PhotoRoom-20240711_150305.png","width":1080,"height":1080,"caption":"OwiStore"},"image":{"@id":"https:\/\/owistoremaroc.com\/#\/schema\/logo\/image\/"}}]}},"_links":{"self":[{"href":"https:\/\/owistoremaroc.com\/index.php\/wp-json\/wp\/v2\/product\/16964","targetHints":{"allow":["GET"]}}],"collection":[{"href":"https:\/\/owistoremaroc.com\/index.php\/wp-json\/wp\/v2\/product"}],"about":[{"href":"https:\/\/owistoremaroc.com\/index.php\/wp-json\/wp\/v2\/types\/product"}],"replies":[{"embeddable":true,"href":"https:\/\/owistoremaroc.com\/index.php\/wp-json\/wp\/v2\/comments?post=16964"}],"version-history":[{"count":1,"href":"https:\/\/owistoremaroc.com\/index.php\/wp-json\/wp\/v2\/product\/16964\/revisions"}],"predecessor-version":[{"id":16967,"href":"https:\/\/owistoremaroc.com\/index.php\/wp-json\/wp\/v2\/product\/16964\/revisions\/16967"}],"wp:featuredmedia":[{"embeddable":true,"href":"https:\/\/owistoremaroc.com\/index.php\/wp-json\/wp\/v2\/media\/16965"}],"wp:attachment":[{"href":"https:\/\/owistoremaroc.com\/index.php\/wp-json\/wp\/v2\/media?parent=16964"}],"wp:term":[{"taxonomy":"product_cat","embeddable":true,"href":"https:\/\/owistoremaroc.com\/index.php\/wp-json\/wp\/v2\/product_cat?post=16964"},{"taxonomy":"product_tag","embeddable":true,"href":"https:\/\/owistoremaroc.com\/index.php\/wp-json\/wp\/v2\/product_tag?post=16964"}],"curies":[{"name":"wp","href":"https:\/\/api.w.org\/{rel}","templated":true}]}}