{"id":16915,"date":"2024-10-23T10:01:54","date_gmt":"2024-10-23T10:01:54","guid":{"rendered":"https:\/\/owistoremaroc.com\/?post_type=product&#038;p=16915"},"modified":"2024-10-23T10:01:54","modified_gmt":"2024-10-23T10:01:54","slug":"gwn7665","status":"publish","type":"product","link":"https:\/\/owistoremaroc.com\/index.php\/produit\/gwn7665\/","title":{"rendered":"GWN7665"},"content":{"rendered":"<p>Grandstream GWN7665 Point d&#8217;acc\u00e8s \u00a0Wi-Fi 6E tribande d\u00e9bit sans fil cumul\u00e9 de 5,4 Gbit\/s, ports filaires de 3,5 Gigabit, MU-MIMO tri-bande 2\u00d72:2 avec technologie OFDMA DL\/UL, Port\u00e9e de couverture jusqu\u2019\u00e0 175 m\u00e8tres, Prise en charge de 384 p\u00e9riph\u00e9riques clients Wi-Fi simultan\u00e9s, QoS avanc\u00e9e pour garantir les performances en temps r\u00e9el des applications \u00e0 faible latence, D\u00e9marrage s\u00e9curis\u00e9 anti-piratage et verrouillage des donn\u00e9es\/contr\u00f4les critiques via des signatures num\u00e9riques, certificat de s\u00e9curit\u00e9 unique\/mot de passe par d\u00e9faut al\u00e9atoire par appareil, Adaptation de l\u2019auto-alimentation lors de la d\u00e9tection automatique de PoE ou PoE+<\/p>\n","protected":false},"excerpt":{"rendered":"<h3>Grandstream GWN7665 Point d\u2019acc\u00e8s Wi-Fi 6E Tribande 2\u00d72:2 MU-MIMO PoE<\/h3>\n","protected":false},"featured_media":16916,"comment_status":"open","ping_status":"closed","template":"","meta":{"ub_ctt_via":""},"product_cat":[255],"product_tag":[],"class_list":{"0":"post-16915","1":"product","2":"type-product","3":"status-publish","4":"has-post-thumbnail","6":"product_cat-point-acces","8":"first","9":"instock","10":"shipping-taxable","11":"product-type-simple","12":"add-to-wishlist-after_add_to_cart"},"yoast_head":"<!-- This site is optimized with the Yoast SEO plugin v23.4 - https:\/\/yoast.com\/wordpress\/plugins\/seo\/ -->\n<title>GWN7665 - OwiStore<\/title>\n<meta name=\"robots\" content=\"index, follow, max-snippet:-1, max-image-preview:large, max-video-preview:-1\" \/>\n<link rel=\"canonical\" href=\"https:\/\/owistoremaroc.com\/index.php\/produit\/gwn7665\/\" \/>\n<meta property=\"og:locale\" content=\"fr_FR\" \/>\n<meta property=\"og:type\" content=\"article\" \/>\n<meta property=\"og:title\" content=\"GWN7665 - OwiStore\" \/>\n<meta property=\"og:description\" content=\"Grandstream GWN7665 Point d\u2019acc\u00e8s Wi-Fi 6E Tribande 2\u00d72:2 MU-MIMO PoE\" \/>\n<meta property=\"og:url\" content=\"https:\/\/owistoremaroc.com\/index.php\/produit\/gwn7665\/\" \/>\n<meta property=\"og:site_name\" content=\"OwiStore\" \/>\n<meta property=\"og:image\" content=\"https:\/\/owistoremaroc.com\/wp-content\/uploads\/2024\/10\/Grandstream-GWN7665-Maroc-Point-dacces-Wi-Fi-6E-Maroc-Point-dacces-WiFi-Grandstream-Maroc.webp\" \/>\n\t<meta property=\"og:image:width\" content=\"750\" \/>\n\t<meta property=\"og:image:height\" content=\"750\" \/>\n\t<meta property=\"og:image:type\" content=\"image\/webp\" \/>\n<meta name=\"twitter:card\" content=\"summary_large_image\" \/>\n<meta name=\"twitter:label1\" content=\"Dur\u00e9e de lecture estim\u00e9e\" \/>\n\t<meta name=\"twitter:data1\" content=\"1 minute\" \/>\n<script type=\"application\/ld+json\" class=\"yoast-schema-graph\">{\"@context\":\"https:\/\/schema.org\",\"@graph\":[{\"@type\":\"WebPage\",\"@id\":\"https:\/\/owistoremaroc.com\/index.php\/produit\/gwn7665\/\",\"url\":\"https:\/\/owistoremaroc.com\/index.php\/produit\/gwn7665\/\",\"name\":\"GWN7665 - OwiStore\",\"isPartOf\":{\"@id\":\"https:\/\/owistoremaroc.com\/#website\"},\"primaryImageOfPage\":{\"@id\":\"https:\/\/owistoremaroc.com\/index.php\/produit\/gwn7665\/#primaryimage\"},\"image\":{\"@id\":\"https:\/\/owistoremaroc.com\/index.php\/produit\/gwn7665\/#primaryimage\"},\"thumbnailUrl\":\"https:\/\/owistoremaroc.com\/wp-content\/uploads\/2024\/10\/Grandstream-GWN7665-Maroc-Point-dacces-Wi-Fi-6E-Maroc-Point-dacces-WiFi-Grandstream-Maroc.webp\",\"datePublished\":\"2024-10-23T10:01:54+00:00\",\"dateModified\":\"2024-10-23T10:01:54+00:00\",\"breadcrumb\":{\"@id\":\"https:\/\/owistoremaroc.com\/index.php\/produit\/gwn7665\/#breadcrumb\"},\"inLanguage\":\"fr-FR\",\"potentialAction\":[{\"@type\":\"ReadAction\",\"target\":[\"https:\/\/owistoremaroc.com\/index.php\/produit\/gwn7665\/\"]}]},{\"@type\":\"ImageObject\",\"inLanguage\":\"fr-FR\",\"@id\":\"https:\/\/owistoremaroc.com\/index.php\/produit\/gwn7665\/#primaryimage\",\"url\":\"https:\/\/owistoremaroc.com\/wp-content\/uploads\/2024\/10\/Grandstream-GWN7665-Maroc-Point-dacces-Wi-Fi-6E-Maroc-Point-dacces-WiFi-Grandstream-Maroc.webp\",\"contentUrl\":\"https:\/\/owistoremaroc.com\/wp-content\/uploads\/2024\/10\/Grandstream-GWN7665-Maroc-Point-dacces-Wi-Fi-6E-Maroc-Point-dacces-WiFi-Grandstream-Maroc.webp\",\"width\":750,\"height\":750},{\"@type\":\"BreadcrumbList\",\"@id\":\"https:\/\/owistoremaroc.com\/index.php\/produit\/gwn7665\/#breadcrumb\",\"itemListElement\":[{\"@type\":\"ListItem\",\"position\":1,\"name\":\"Accueil\",\"item\":\"https:\/\/owistoremaroc.com\/\"},{\"@type\":\"ListItem\",\"position\":2,\"name\":\"Shop\",\"item\":\"https:\/\/owistoremaroc.com\/index.php\/shop\/\"},{\"@type\":\"ListItem\",\"position\":3,\"name\":\"GWN7665\"}]},{\"@type\":\"WebSite\",\"@id\":\"https:\/\/owistoremaroc.com\/#website\",\"url\":\"https:\/\/owistoremaroc.com\/\",\"name\":\"OwiStore\",\"description\":\"\",\"publisher\":{\"@id\":\"https:\/\/owistoremaroc.com\/#organization\"},\"potentialAction\":[{\"@type\":\"SearchAction\",\"target\":{\"@type\":\"EntryPoint\",\"urlTemplate\":\"https:\/\/owistoremaroc.com\/?s={search_term_string}\"},\"query-input\":{\"@type\":\"PropertyValueSpecification\",\"valueRequired\":true,\"valueName\":\"search_term_string\"}}],\"inLanguage\":\"fr-FR\"},{\"@type\":\"Organization\",\"@id\":\"https:\/\/owistoremaroc.com\/#organization\",\"name\":\"OwiStore\",\"url\":\"https:\/\/owistoremaroc.com\/\",\"logo\":{\"@type\":\"ImageObject\",\"inLanguage\":\"fr-FR\",\"@id\":\"https:\/\/owistoremaroc.com\/#\/schema\/logo\/image\/\",\"url\":\"https:\/\/owistoremaroc.com\/wp-content\/uploads\/2024\/07\/PhotoRoom-20240711_150305.png\",\"contentUrl\":\"https:\/\/owistoremaroc.com\/wp-content\/uploads\/2024\/07\/PhotoRoom-20240711_150305.png\",\"width\":1080,\"height\":1080,\"caption\":\"OwiStore\"},\"image\":{\"@id\":\"https:\/\/owistoremaroc.com\/#\/schema\/logo\/image\/\"}}]}<\/script>\n<!-- \/ Yoast SEO plugin. -->","yoast_head_json":{"title":"GWN7665 - OwiStore","robots":{"index":"index","follow":"follow","max-snippet":"max-snippet:-1","max-image-preview":"max-image-preview:large","max-video-preview":"max-video-preview:-1"},"canonical":"https:\/\/owistoremaroc.com\/index.php\/produit\/gwn7665\/","og_locale":"fr_FR","og_type":"article","og_title":"GWN7665 - OwiStore","og_description":"Grandstream GWN7665 Point d\u2019acc\u00e8s Wi-Fi 6E Tribande 2\u00d72:2 MU-MIMO PoE","og_url":"https:\/\/owistoremaroc.com\/index.php\/produit\/gwn7665\/","og_site_name":"OwiStore","og_image":[{"width":750,"height":750,"url":"https:\/\/owistoremaroc.com\/wp-content\/uploads\/2024\/10\/Grandstream-GWN7665-Maroc-Point-dacces-Wi-Fi-6E-Maroc-Point-dacces-WiFi-Grandstream-Maroc.webp","type":"image\/webp"}],"twitter_card":"summary_large_image","twitter_misc":{"Dur\u00e9e de lecture estim\u00e9e":"1 minute"},"schema":{"@context":"https:\/\/schema.org","@graph":[{"@type":"WebPage","@id":"https:\/\/owistoremaroc.com\/index.php\/produit\/gwn7665\/","url":"https:\/\/owistoremaroc.com\/index.php\/produit\/gwn7665\/","name":"GWN7665 - OwiStore","isPartOf":{"@id":"https:\/\/owistoremaroc.com\/#website"},"primaryImageOfPage":{"@id":"https:\/\/owistoremaroc.com\/index.php\/produit\/gwn7665\/#primaryimage"},"image":{"@id":"https:\/\/owistoremaroc.com\/index.php\/produit\/gwn7665\/#primaryimage"},"thumbnailUrl":"https:\/\/owistoremaroc.com\/wp-content\/uploads\/2024\/10\/Grandstream-GWN7665-Maroc-Point-dacces-Wi-Fi-6E-Maroc-Point-dacces-WiFi-Grandstream-Maroc.webp","datePublished":"2024-10-23T10:01:54+00:00","dateModified":"2024-10-23T10:01:54+00:00","breadcrumb":{"@id":"https:\/\/owistoremaroc.com\/index.php\/produit\/gwn7665\/#breadcrumb"},"inLanguage":"fr-FR","potentialAction":[{"@type":"ReadAction","target":["https:\/\/owistoremaroc.com\/index.php\/produit\/gwn7665\/"]}]},{"@type":"ImageObject","inLanguage":"fr-FR","@id":"https:\/\/owistoremaroc.com\/index.php\/produit\/gwn7665\/#primaryimage","url":"https:\/\/owistoremaroc.com\/wp-content\/uploads\/2024\/10\/Grandstream-GWN7665-Maroc-Point-dacces-Wi-Fi-6E-Maroc-Point-dacces-WiFi-Grandstream-Maroc.webp","contentUrl":"https:\/\/owistoremaroc.com\/wp-content\/uploads\/2024\/10\/Grandstream-GWN7665-Maroc-Point-dacces-Wi-Fi-6E-Maroc-Point-dacces-WiFi-Grandstream-Maroc.webp","width":750,"height":750},{"@type":"BreadcrumbList","@id":"https:\/\/owistoremaroc.com\/index.php\/produit\/gwn7665\/#breadcrumb","itemListElement":[{"@type":"ListItem","position":1,"name":"Accueil","item":"https:\/\/owistoremaroc.com\/"},{"@type":"ListItem","position":2,"name":"Shop","item":"https:\/\/owistoremaroc.com\/index.php\/shop\/"},{"@type":"ListItem","position":3,"name":"GWN7665"}]},{"@type":"WebSite","@id":"https:\/\/owistoremaroc.com\/#website","url":"https:\/\/owistoremaroc.com\/","name":"OwiStore","description":"","publisher":{"@id":"https:\/\/owistoremaroc.com\/#organization"},"potentialAction":[{"@type":"SearchAction","target":{"@type":"EntryPoint","urlTemplate":"https:\/\/owistoremaroc.com\/?s={search_term_string}"},"query-input":{"@type":"PropertyValueSpecification","valueRequired":true,"valueName":"search_term_string"}}],"inLanguage":"fr-FR"},{"@type":"Organization","@id":"https:\/\/owistoremaroc.com\/#organization","name":"OwiStore","url":"https:\/\/owistoremaroc.com\/","logo":{"@type":"ImageObject","inLanguage":"fr-FR","@id":"https:\/\/owistoremaroc.com\/#\/schema\/logo\/image\/","url":"https:\/\/owistoremaroc.com\/wp-content\/uploads\/2024\/07\/PhotoRoom-20240711_150305.png","contentUrl":"https:\/\/owistoremaroc.com\/wp-content\/uploads\/2024\/07\/PhotoRoom-20240711_150305.png","width":1080,"height":1080,"caption":"OwiStore"},"image":{"@id":"https:\/\/owistoremaroc.com\/#\/schema\/logo\/image\/"}}]}},"_links":{"self":[{"href":"https:\/\/owistoremaroc.com\/index.php\/wp-json\/wp\/v2\/product\/16915","targetHints":{"allow":["GET"]}}],"collection":[{"href":"https:\/\/owistoremaroc.com\/index.php\/wp-json\/wp\/v2\/product"}],"about":[{"href":"https:\/\/owistoremaroc.com\/index.php\/wp-json\/wp\/v2\/types\/product"}],"replies":[{"embeddable":true,"href":"https:\/\/owistoremaroc.com\/index.php\/wp-json\/wp\/v2\/comments?post=16915"}],"version-history":[{"count":1,"href":"https:\/\/owistoremaroc.com\/index.php\/wp-json\/wp\/v2\/product\/16915\/revisions"}],"predecessor-version":[{"id":16917,"href":"https:\/\/owistoremaroc.com\/index.php\/wp-json\/wp\/v2\/product\/16915\/revisions\/16917"}],"wp:featuredmedia":[{"embeddable":true,"href":"https:\/\/owistoremaroc.com\/index.php\/wp-json\/wp\/v2\/media\/16916"}],"wp:attachment":[{"href":"https:\/\/owistoremaroc.com\/index.php\/wp-json\/wp\/v2\/media?parent=16915"}],"wp:term":[{"taxonomy":"product_cat","embeddable":true,"href":"https:\/\/owistoremaroc.com\/index.php\/wp-json\/wp\/v2\/product_cat?post=16915"},{"taxonomy":"product_tag","embeddable":true,"href":"https:\/\/owistoremaroc.com\/index.php\/wp-json\/wp\/v2\/product_tag?post=16915"}],"curies":[{"name":"wp","href":"https:\/\/api.w.org\/{rel}","templated":true}]}}