{"id":16459,"date":"2024-09-25T09:10:08","date_gmt":"2024-09-25T09:10:08","guid":{"rendered":"https:\/\/owistoremaroc.com\/?post_type=product&#038;p=16459"},"modified":"2024-09-25T09:10:09","modified_gmt":"2024-09-25T09:10:09","slug":"teamgroup-vulcan-z-red-16go-1x16go-ddr4-3600mhz-cl18","status":"publish","type":"product","link":"https:\/\/owistoremaroc.com\/index.php\/produit\/teamgroup-vulcan-z-red-16go-1x16go-ddr4-3600mhz-cl18\/","title":{"rendered":"TeamGroup VULCAN Z Red 16Go (1x16Go) DDR4 3600MHz CL18"},"content":{"rendered":"<p>La m\u00e9moire DDR4 Team Group VULCAN Z\u00a0b\u00e9n\u00e9ficie d&#8217;une dissipation thermique largement am\u00e9lior\u00e9e pour optimiser la fiabilit\u00e9 et d&#8217;un style gaming assum\u00e9\u00a0gr\u00e2ce \u00e0 son dissipateur. Elle est \u00e9galement compatible avec les processeurs Intel et AMD les plus r\u00e9cents avec le style caract\u00e9ristique T-Force.<\/p>\n","protected":false},"excerpt":{"rendered":"<p>RAM DDR4 PC4-28800 &#8211; TLZRD416G3600HC18J01<\/p>\n","protected":false},"featured_media":16460,"comment_status":"open","ping_status":"closed","template":"","meta":{"ub_ctt_via":""},"product_cat":[331],"product_tag":[],"class_list":{"0":"post-16459","1":"product","2":"type-product","3":"status-publish","4":"has-post-thumbnail","6":"product_cat-ram-udimm","8":"first","9":"instock","10":"sale","11":"shipping-taxable","12":"purchasable","13":"product-type-simple","14":"add-to-wishlist-after_add_to_cart"},"yoast_head":"<!-- This site is optimized with the Yoast SEO plugin v23.4 - https:\/\/yoast.com\/wordpress\/plugins\/seo\/ -->\n<title>TeamGroup VULCAN Z Red 16Go (1x16Go) DDR4 3600MHz CL18 - OwiStore<\/title>\n<meta name=\"robots\" content=\"index, follow, max-snippet:-1, max-image-preview:large, max-video-preview:-1\" \/>\n<link rel=\"canonical\" href=\"https:\/\/owistoremaroc.com\/index.php\/produit\/teamgroup-vulcan-z-red-16go-1x16go-ddr4-3600mhz-cl18\/\" \/>\n<meta property=\"og:locale\" content=\"fr_FR\" \/>\n<meta property=\"og:type\" content=\"article\" \/>\n<meta property=\"og:title\" content=\"TeamGroup VULCAN Z Red 16Go (1x16Go) DDR4 3600MHz CL18 - OwiStore\" \/>\n<meta property=\"og:description\" content=\"RAM DDR4 PC4-28800 - TLZRD416G3600HC18J01\" \/>\n<meta property=\"og:url\" content=\"https:\/\/owistoremaroc.com\/index.php\/produit\/teamgroup-vulcan-z-red-16go-1x16go-ddr4-3600mhz-cl18\/\" \/>\n<meta property=\"og:site_name\" content=\"OwiStore\" \/>\n<meta property=\"article:modified_time\" content=\"2024-09-25T09:10:09+00:00\" \/>\n<meta property=\"og:image\" content=\"https:\/\/owistoremaroc.com\/wp-content\/uploads\/2024\/09\/teamgroup-vulcan-z-red-16go-1x16go-ddr4-3600mhz-cl18.jpg\" \/>\n\t<meta property=\"og:image:width\" content=\"600\" \/>\n\t<meta property=\"og:image:height\" content=\"600\" \/>\n\t<meta property=\"og:image:type\" content=\"image\/jpeg\" \/>\n<meta name=\"twitter:card\" content=\"summary_large_image\" \/>\n<meta name=\"twitter:label1\" content=\"Dur\u00e9e de lecture estim\u00e9e\" \/>\n\t<meta name=\"twitter:data1\" content=\"1 minute\" \/>\n<script type=\"application\/ld+json\" class=\"yoast-schema-graph\">{\"@context\":\"https:\/\/schema.org\",\"@graph\":[{\"@type\":\"WebPage\",\"@id\":\"https:\/\/owistoremaroc.com\/index.php\/produit\/teamgroup-vulcan-z-red-16go-1x16go-ddr4-3600mhz-cl18\/\",\"url\":\"https:\/\/owistoremaroc.com\/index.php\/produit\/teamgroup-vulcan-z-red-16go-1x16go-ddr4-3600mhz-cl18\/\",\"name\":\"TeamGroup VULCAN Z Red 16Go (1x16Go) DDR4 3600MHz CL18 - OwiStore\",\"isPartOf\":{\"@id\":\"https:\/\/owistoremaroc.com\/#website\"},\"primaryImageOfPage\":{\"@id\":\"https:\/\/owistoremaroc.com\/index.php\/produit\/teamgroup-vulcan-z-red-16go-1x16go-ddr4-3600mhz-cl18\/#primaryimage\"},\"image\":{\"@id\":\"https:\/\/owistoremaroc.com\/index.php\/produit\/teamgroup-vulcan-z-red-16go-1x16go-ddr4-3600mhz-cl18\/#primaryimage\"},\"thumbnailUrl\":\"https:\/\/owistoremaroc.com\/wp-content\/uploads\/2024\/09\/teamgroup-vulcan-z-red-16go-1x16go-ddr4-3600mhz-cl18.jpg\",\"datePublished\":\"2024-09-25T09:10:08+00:00\",\"dateModified\":\"2024-09-25T09:10:09+00:00\",\"breadcrumb\":{\"@id\":\"https:\/\/owistoremaroc.com\/index.php\/produit\/teamgroup-vulcan-z-red-16go-1x16go-ddr4-3600mhz-cl18\/#breadcrumb\"},\"inLanguage\":\"fr-FR\",\"potentialAction\":[{\"@type\":\"ReadAction\",\"target\":[\"https:\/\/owistoremaroc.com\/index.php\/produit\/teamgroup-vulcan-z-red-16go-1x16go-ddr4-3600mhz-cl18\/\"]}]},{\"@type\":\"ImageObject\",\"inLanguage\":\"fr-FR\",\"@id\":\"https:\/\/owistoremaroc.com\/index.php\/produit\/teamgroup-vulcan-z-red-16go-1x16go-ddr4-3600mhz-cl18\/#primaryimage\",\"url\":\"https:\/\/owistoremaroc.com\/wp-content\/uploads\/2024\/09\/teamgroup-vulcan-z-red-16go-1x16go-ddr4-3600mhz-cl18.jpg\",\"contentUrl\":\"https:\/\/owistoremaroc.com\/wp-content\/uploads\/2024\/09\/teamgroup-vulcan-z-red-16go-1x16go-ddr4-3600mhz-cl18.jpg\",\"width\":600,\"height\":600},{\"@type\":\"BreadcrumbList\",\"@id\":\"https:\/\/owistoremaroc.com\/index.php\/produit\/teamgroup-vulcan-z-red-16go-1x16go-ddr4-3600mhz-cl18\/#breadcrumb\",\"itemListElement\":[{\"@type\":\"ListItem\",\"position\":1,\"name\":\"Accueil\",\"item\":\"https:\/\/owistoremaroc.com\/\"},{\"@type\":\"ListItem\",\"position\":2,\"name\":\"Shop\",\"item\":\"https:\/\/owistoremaroc.com\/index.php\/shop\/\"},{\"@type\":\"ListItem\",\"position\":3,\"name\":\"TeamGroup VULCAN Z Red 16Go (1x16Go) DDR4 3600MHz CL18\"}]},{\"@type\":\"WebSite\",\"@id\":\"https:\/\/owistoremaroc.com\/#website\",\"url\":\"https:\/\/owistoremaroc.com\/\",\"name\":\"OwiStore\",\"description\":\"\",\"publisher\":{\"@id\":\"https:\/\/owistoremaroc.com\/#organization\"},\"potentialAction\":[{\"@type\":\"SearchAction\",\"target\":{\"@type\":\"EntryPoint\",\"urlTemplate\":\"https:\/\/owistoremaroc.com\/?s={search_term_string}\"},\"query-input\":{\"@type\":\"PropertyValueSpecification\",\"valueRequired\":true,\"valueName\":\"search_term_string\"}}],\"inLanguage\":\"fr-FR\"},{\"@type\":\"Organization\",\"@id\":\"https:\/\/owistoremaroc.com\/#organization\",\"name\":\"OwiStore\",\"url\":\"https:\/\/owistoremaroc.com\/\",\"logo\":{\"@type\":\"ImageObject\",\"inLanguage\":\"fr-FR\",\"@id\":\"https:\/\/owistoremaroc.com\/#\/schema\/logo\/image\/\",\"url\":\"https:\/\/owistoremaroc.com\/wp-content\/uploads\/2024\/07\/PhotoRoom-20240711_150305.png\",\"contentUrl\":\"https:\/\/owistoremaroc.com\/wp-content\/uploads\/2024\/07\/PhotoRoom-20240711_150305.png\",\"width\":1080,\"height\":1080,\"caption\":\"OwiStore\"},\"image\":{\"@id\":\"https:\/\/owistoremaroc.com\/#\/schema\/logo\/image\/\"}}]}<\/script>\n<!-- \/ Yoast SEO plugin. -->","yoast_head_json":{"title":"TeamGroup VULCAN Z Red 16Go (1x16Go) DDR4 3600MHz CL18 - OwiStore","robots":{"index":"index","follow":"follow","max-snippet":"max-snippet:-1","max-image-preview":"max-image-preview:large","max-video-preview":"max-video-preview:-1"},"canonical":"https:\/\/owistoremaroc.com\/index.php\/produit\/teamgroup-vulcan-z-red-16go-1x16go-ddr4-3600mhz-cl18\/","og_locale":"fr_FR","og_type":"article","og_title":"TeamGroup VULCAN Z Red 16Go (1x16Go) DDR4 3600MHz CL18 - OwiStore","og_description":"RAM DDR4 PC4-28800 - TLZRD416G3600HC18J01","og_url":"https:\/\/owistoremaroc.com\/index.php\/produit\/teamgroup-vulcan-z-red-16go-1x16go-ddr4-3600mhz-cl18\/","og_site_name":"OwiStore","article_modified_time":"2024-09-25T09:10:09+00:00","og_image":[{"width":600,"height":600,"url":"https:\/\/owistoremaroc.com\/wp-content\/uploads\/2024\/09\/teamgroup-vulcan-z-red-16go-1x16go-ddr4-3600mhz-cl18.jpg","type":"image\/jpeg"}],"twitter_card":"summary_large_image","twitter_misc":{"Dur\u00e9e de lecture estim\u00e9e":"1 minute"},"schema":{"@context":"https:\/\/schema.org","@graph":[{"@type":"WebPage","@id":"https:\/\/owistoremaroc.com\/index.php\/produit\/teamgroup-vulcan-z-red-16go-1x16go-ddr4-3600mhz-cl18\/","url":"https:\/\/owistoremaroc.com\/index.php\/produit\/teamgroup-vulcan-z-red-16go-1x16go-ddr4-3600mhz-cl18\/","name":"TeamGroup VULCAN Z Red 16Go (1x16Go) DDR4 3600MHz CL18 - OwiStore","isPartOf":{"@id":"https:\/\/owistoremaroc.com\/#website"},"primaryImageOfPage":{"@id":"https:\/\/owistoremaroc.com\/index.php\/produit\/teamgroup-vulcan-z-red-16go-1x16go-ddr4-3600mhz-cl18\/#primaryimage"},"image":{"@id":"https:\/\/owistoremaroc.com\/index.php\/produit\/teamgroup-vulcan-z-red-16go-1x16go-ddr4-3600mhz-cl18\/#primaryimage"},"thumbnailUrl":"https:\/\/owistoremaroc.com\/wp-content\/uploads\/2024\/09\/teamgroup-vulcan-z-red-16go-1x16go-ddr4-3600mhz-cl18.jpg","datePublished":"2024-09-25T09:10:08+00:00","dateModified":"2024-09-25T09:10:09+00:00","breadcrumb":{"@id":"https:\/\/owistoremaroc.com\/index.php\/produit\/teamgroup-vulcan-z-red-16go-1x16go-ddr4-3600mhz-cl18\/#breadcrumb"},"inLanguage":"fr-FR","potentialAction":[{"@type":"ReadAction","target":["https:\/\/owistoremaroc.com\/index.php\/produit\/teamgroup-vulcan-z-red-16go-1x16go-ddr4-3600mhz-cl18\/"]}]},{"@type":"ImageObject","inLanguage":"fr-FR","@id":"https:\/\/owistoremaroc.com\/index.php\/produit\/teamgroup-vulcan-z-red-16go-1x16go-ddr4-3600mhz-cl18\/#primaryimage","url":"https:\/\/owistoremaroc.com\/wp-content\/uploads\/2024\/09\/teamgroup-vulcan-z-red-16go-1x16go-ddr4-3600mhz-cl18.jpg","contentUrl":"https:\/\/owistoremaroc.com\/wp-content\/uploads\/2024\/09\/teamgroup-vulcan-z-red-16go-1x16go-ddr4-3600mhz-cl18.jpg","width":600,"height":600},{"@type":"BreadcrumbList","@id":"https:\/\/owistoremaroc.com\/index.php\/produit\/teamgroup-vulcan-z-red-16go-1x16go-ddr4-3600mhz-cl18\/#breadcrumb","itemListElement":[{"@type":"ListItem","position":1,"name":"Accueil","item":"https:\/\/owistoremaroc.com\/"},{"@type":"ListItem","position":2,"name":"Shop","item":"https:\/\/owistoremaroc.com\/index.php\/shop\/"},{"@type":"ListItem","position":3,"name":"TeamGroup VULCAN Z Red 16Go (1x16Go) DDR4 3600MHz CL18"}]},{"@type":"WebSite","@id":"https:\/\/owistoremaroc.com\/#website","url":"https:\/\/owistoremaroc.com\/","name":"OwiStore","description":"","publisher":{"@id":"https:\/\/owistoremaroc.com\/#organization"},"potentialAction":[{"@type":"SearchAction","target":{"@type":"EntryPoint","urlTemplate":"https:\/\/owistoremaroc.com\/?s={search_term_string}"},"query-input":{"@type":"PropertyValueSpecification","valueRequired":true,"valueName":"search_term_string"}}],"inLanguage":"fr-FR"},{"@type":"Organization","@id":"https:\/\/owistoremaroc.com\/#organization","name":"OwiStore","url":"https:\/\/owistoremaroc.com\/","logo":{"@type":"ImageObject","inLanguage":"fr-FR","@id":"https:\/\/owistoremaroc.com\/#\/schema\/logo\/image\/","url":"https:\/\/owistoremaroc.com\/wp-content\/uploads\/2024\/07\/PhotoRoom-20240711_150305.png","contentUrl":"https:\/\/owistoremaroc.com\/wp-content\/uploads\/2024\/07\/PhotoRoom-20240711_150305.png","width":1080,"height":1080,"caption":"OwiStore"},"image":{"@id":"https:\/\/owistoremaroc.com\/#\/schema\/logo\/image\/"}}]}},"_links":{"self":[{"href":"https:\/\/owistoremaroc.com\/index.php\/wp-json\/wp\/v2\/product\/16459","targetHints":{"allow":["GET"]}}],"collection":[{"href":"https:\/\/owistoremaroc.com\/index.php\/wp-json\/wp\/v2\/product"}],"about":[{"href":"https:\/\/owistoremaroc.com\/index.php\/wp-json\/wp\/v2\/types\/product"}],"replies":[{"embeddable":true,"href":"https:\/\/owistoremaroc.com\/index.php\/wp-json\/wp\/v2\/comments?post=16459"}],"version-history":[{"count":1,"href":"https:\/\/owistoremaroc.com\/index.php\/wp-json\/wp\/v2\/product\/16459\/revisions"}],"predecessor-version":[{"id":16461,"href":"https:\/\/owistoremaroc.com\/index.php\/wp-json\/wp\/v2\/product\/16459\/revisions\/16461"}],"wp:featuredmedia":[{"embeddable":true,"href":"https:\/\/owistoremaroc.com\/index.php\/wp-json\/wp\/v2\/media\/16460"}],"wp:attachment":[{"href":"https:\/\/owistoremaroc.com\/index.php\/wp-json\/wp\/v2\/media?parent=16459"}],"wp:term":[{"taxonomy":"product_cat","embeddable":true,"href":"https:\/\/owistoremaroc.com\/index.php\/wp-json\/wp\/v2\/product_cat?post=16459"},{"taxonomy":"product_tag","embeddable":true,"href":"https:\/\/owistoremaroc.com\/index.php\/wp-json\/wp\/v2\/product_tag?post=16459"}],"curies":[{"name":"wp","href":"https:\/\/api.w.org\/{rel}","templated":true}]}}