{"id":16335,"date":"2024-09-24T08:33:29","date_gmt":"2024-09-24T08:33:29","guid":{"rendered":"https:\/\/owistoremaroc.com\/?post_type=product&#038;p=16335"},"modified":"2024-09-24T09:36:18","modified_gmt":"2024-09-24T09:36:18","slug":"msi-mag-forge-120a-airflow","status":"publish","type":"product","link":"https:\/\/owistoremaroc.com\/index.php\/produit\/msi-mag-forge-120a-airflow\/","title":{"rendered":"MSI MAG FORGE 120A AIRFLOW"},"content":{"rendered":"<p>Le boitier moyen tour\u00a0MSI MAG FORGE 120A AIRFLOW\u00a0propose un design \u00e9pur\u00e9 avec une fa\u00e7ade en mesh pour un flux d&#8217;air optimis\u00e9 et une paroi lat\u00e9rale en verre tremp\u00e9 pour une vue de choix sur votre configuration et les LEDs FRGB issues des 6 ventilateurs d\u00e9j\u00e0 int\u00e9gr\u00e9s au boitier. L&#8217;espace int\u00e9rieur g\u00e9n\u00e9reux permet d&#8217;installer les composants les plus imposants comme une carte graphique jusqu&#8217;\u00e0 330 mm de longueur, un watercooling AiO 240 mm pour une configuration gaming de pointe.<\/p>\n","protected":false},"excerpt":{"rendered":"<p>Bo\u00eetier Moyen Tour gaming avec fen\u00eatre en verre tremp\u00e9e et 6 ventilateurs Fixed-RGB<\/p>\n","protected":false},"featured_media":16336,"comment_status":"open","ping_status":"closed","template":"","meta":{"ub_ctt_via":""},"product_cat":[339],"product_tag":[],"class_list":{"0":"post-16335","1":"product","2":"type-product","3":"status-publish","4":"has-post-thumbnail","6":"product_cat-les-moyennes-tours","8":"first","9":"instock","10":"sale","11":"shipping-taxable","12":"purchasable","13":"product-type-simple","14":"add-to-wishlist-after_add_to_cart"},"yoast_head":"<!-- This site is optimized with the Yoast SEO plugin v23.4 - https:\/\/yoast.com\/wordpress\/plugins\/seo\/ -->\n<title>MSI MAG FORGE 120A AIRFLOW - OwiStore<\/title>\n<meta name=\"robots\" content=\"index, follow, max-snippet:-1, max-image-preview:large, max-video-preview:-1\" \/>\n<link rel=\"canonical\" href=\"https:\/\/owistoremaroc.com\/index.php\/produit\/msi-mag-forge-120a-airflow\/\" \/>\n<meta property=\"og:locale\" content=\"fr_FR\" \/>\n<meta property=\"og:type\" content=\"article\" \/>\n<meta property=\"og:title\" content=\"MSI MAG FORGE 120A AIRFLOW - OwiStore\" \/>\n<meta property=\"og:description\" content=\"Bo\u00eetier Moyen Tour gaming avec fen\u00eatre en verre tremp\u00e9e et 6 ventilateurs Fixed-RGB\" \/>\n<meta property=\"og:url\" content=\"https:\/\/owistoremaroc.com\/index.php\/produit\/msi-mag-forge-120a-airflow\/\" \/>\n<meta property=\"og:site_name\" content=\"OwiStore\" \/>\n<meta property=\"article:modified_time\" content=\"2024-09-24T09:36:18+00:00\" \/>\n<meta property=\"og:image\" content=\"https:\/\/owistoremaroc.com\/wp-content\/uploads\/2024\/09\/msi-mag-forge-120a-airflow.jpg\" \/>\n\t<meta property=\"og:image:width\" content=\"600\" \/>\n\t<meta property=\"og:image:height\" content=\"600\" \/>\n\t<meta property=\"og:image:type\" content=\"image\/jpeg\" \/>\n<meta name=\"twitter:card\" content=\"summary_large_image\" \/>\n<meta name=\"twitter:label1\" content=\"Dur\u00e9e de lecture estim\u00e9e\" \/>\n\t<meta name=\"twitter:data1\" content=\"1 minute\" \/>\n<script type=\"application\/ld+json\" class=\"yoast-schema-graph\">{\"@context\":\"https:\/\/schema.org\",\"@graph\":[{\"@type\":\"WebPage\",\"@id\":\"https:\/\/owistoremaroc.com\/index.php\/produit\/msi-mag-forge-120a-airflow\/\",\"url\":\"https:\/\/owistoremaroc.com\/index.php\/produit\/msi-mag-forge-120a-airflow\/\",\"name\":\"MSI MAG FORGE 120A AIRFLOW - OwiStore\",\"isPartOf\":{\"@id\":\"https:\/\/owistoremaroc.com\/#website\"},\"primaryImageOfPage\":{\"@id\":\"https:\/\/owistoremaroc.com\/index.php\/produit\/msi-mag-forge-120a-airflow\/#primaryimage\"},\"image\":{\"@id\":\"https:\/\/owistoremaroc.com\/index.php\/produit\/msi-mag-forge-120a-airflow\/#primaryimage\"},\"thumbnailUrl\":\"https:\/\/owistoremaroc.com\/wp-content\/uploads\/2024\/09\/msi-mag-forge-120a-airflow.jpg\",\"datePublished\":\"2024-09-24T08:33:29+00:00\",\"dateModified\":\"2024-09-24T09:36:18+00:00\",\"breadcrumb\":{\"@id\":\"https:\/\/owistoremaroc.com\/index.php\/produit\/msi-mag-forge-120a-airflow\/#breadcrumb\"},\"inLanguage\":\"fr-FR\",\"potentialAction\":[{\"@type\":\"ReadAction\",\"target\":[\"https:\/\/owistoremaroc.com\/index.php\/produit\/msi-mag-forge-120a-airflow\/\"]}]},{\"@type\":\"ImageObject\",\"inLanguage\":\"fr-FR\",\"@id\":\"https:\/\/owistoremaroc.com\/index.php\/produit\/msi-mag-forge-120a-airflow\/#primaryimage\",\"url\":\"https:\/\/owistoremaroc.com\/wp-content\/uploads\/2024\/09\/msi-mag-forge-120a-airflow.jpg\",\"contentUrl\":\"https:\/\/owistoremaroc.com\/wp-content\/uploads\/2024\/09\/msi-mag-forge-120a-airflow.jpg\",\"width\":600,\"height\":600},{\"@type\":\"BreadcrumbList\",\"@id\":\"https:\/\/owistoremaroc.com\/index.php\/produit\/msi-mag-forge-120a-airflow\/#breadcrumb\",\"itemListElement\":[{\"@type\":\"ListItem\",\"position\":1,\"name\":\"Accueil\",\"item\":\"https:\/\/owistoremaroc.com\/\"},{\"@type\":\"ListItem\",\"position\":2,\"name\":\"Shop\",\"item\":\"https:\/\/owistoremaroc.com\/index.php\/shop\/\"},{\"@type\":\"ListItem\",\"position\":3,\"name\":\"MSI MAG FORGE 120A AIRFLOW\"}]},{\"@type\":\"WebSite\",\"@id\":\"https:\/\/owistoremaroc.com\/#website\",\"url\":\"https:\/\/owistoremaroc.com\/\",\"name\":\"OwiStore\",\"description\":\"\",\"publisher\":{\"@id\":\"https:\/\/owistoremaroc.com\/#organization\"},\"potentialAction\":[{\"@type\":\"SearchAction\",\"target\":{\"@type\":\"EntryPoint\",\"urlTemplate\":\"https:\/\/owistoremaroc.com\/?s={search_term_string}\"},\"query-input\":{\"@type\":\"PropertyValueSpecification\",\"valueRequired\":true,\"valueName\":\"search_term_string\"}}],\"inLanguage\":\"fr-FR\"},{\"@type\":\"Organization\",\"@id\":\"https:\/\/owistoremaroc.com\/#organization\",\"name\":\"OwiStore\",\"url\":\"https:\/\/owistoremaroc.com\/\",\"logo\":{\"@type\":\"ImageObject\",\"inLanguage\":\"fr-FR\",\"@id\":\"https:\/\/owistoremaroc.com\/#\/schema\/logo\/image\/\",\"url\":\"https:\/\/owistoremaroc.com\/wp-content\/uploads\/2024\/07\/PhotoRoom-20240711_150305.png\",\"contentUrl\":\"https:\/\/owistoremaroc.com\/wp-content\/uploads\/2024\/07\/PhotoRoom-20240711_150305.png\",\"width\":1080,\"height\":1080,\"caption\":\"OwiStore\"},\"image\":{\"@id\":\"https:\/\/owistoremaroc.com\/#\/schema\/logo\/image\/\"}}]}<\/script>\n<!-- \/ Yoast SEO plugin. -->","yoast_head_json":{"title":"MSI MAG FORGE 120A AIRFLOW - OwiStore","robots":{"index":"index","follow":"follow","max-snippet":"max-snippet:-1","max-image-preview":"max-image-preview:large","max-video-preview":"max-video-preview:-1"},"canonical":"https:\/\/owistoremaroc.com\/index.php\/produit\/msi-mag-forge-120a-airflow\/","og_locale":"fr_FR","og_type":"article","og_title":"MSI MAG FORGE 120A AIRFLOW - OwiStore","og_description":"Bo\u00eetier Moyen Tour gaming avec fen\u00eatre en verre tremp\u00e9e et 6 ventilateurs Fixed-RGB","og_url":"https:\/\/owistoremaroc.com\/index.php\/produit\/msi-mag-forge-120a-airflow\/","og_site_name":"OwiStore","article_modified_time":"2024-09-24T09:36:18+00:00","og_image":[{"width":600,"height":600,"url":"https:\/\/owistoremaroc.com\/wp-content\/uploads\/2024\/09\/msi-mag-forge-120a-airflow.jpg","type":"image\/jpeg"}],"twitter_card":"summary_large_image","twitter_misc":{"Dur\u00e9e de lecture estim\u00e9e":"1 minute"},"schema":{"@context":"https:\/\/schema.org","@graph":[{"@type":"WebPage","@id":"https:\/\/owistoremaroc.com\/index.php\/produit\/msi-mag-forge-120a-airflow\/","url":"https:\/\/owistoremaroc.com\/index.php\/produit\/msi-mag-forge-120a-airflow\/","name":"MSI MAG FORGE 120A AIRFLOW - OwiStore","isPartOf":{"@id":"https:\/\/owistoremaroc.com\/#website"},"primaryImageOfPage":{"@id":"https:\/\/owistoremaroc.com\/index.php\/produit\/msi-mag-forge-120a-airflow\/#primaryimage"},"image":{"@id":"https:\/\/owistoremaroc.com\/index.php\/produit\/msi-mag-forge-120a-airflow\/#primaryimage"},"thumbnailUrl":"https:\/\/owistoremaroc.com\/wp-content\/uploads\/2024\/09\/msi-mag-forge-120a-airflow.jpg","datePublished":"2024-09-24T08:33:29+00:00","dateModified":"2024-09-24T09:36:18+00:00","breadcrumb":{"@id":"https:\/\/owistoremaroc.com\/index.php\/produit\/msi-mag-forge-120a-airflow\/#breadcrumb"},"inLanguage":"fr-FR","potentialAction":[{"@type":"ReadAction","target":["https:\/\/owistoremaroc.com\/index.php\/produit\/msi-mag-forge-120a-airflow\/"]}]},{"@type":"ImageObject","inLanguage":"fr-FR","@id":"https:\/\/owistoremaroc.com\/index.php\/produit\/msi-mag-forge-120a-airflow\/#primaryimage","url":"https:\/\/owistoremaroc.com\/wp-content\/uploads\/2024\/09\/msi-mag-forge-120a-airflow.jpg","contentUrl":"https:\/\/owistoremaroc.com\/wp-content\/uploads\/2024\/09\/msi-mag-forge-120a-airflow.jpg","width":600,"height":600},{"@type":"BreadcrumbList","@id":"https:\/\/owistoremaroc.com\/index.php\/produit\/msi-mag-forge-120a-airflow\/#breadcrumb","itemListElement":[{"@type":"ListItem","position":1,"name":"Accueil","item":"https:\/\/owistoremaroc.com\/"},{"@type":"ListItem","position":2,"name":"Shop","item":"https:\/\/owistoremaroc.com\/index.php\/shop\/"},{"@type":"ListItem","position":3,"name":"MSI MAG FORGE 120A AIRFLOW"}]},{"@type":"WebSite","@id":"https:\/\/owistoremaroc.com\/#website","url":"https:\/\/owistoremaroc.com\/","name":"OwiStore","description":"","publisher":{"@id":"https:\/\/owistoremaroc.com\/#organization"},"potentialAction":[{"@type":"SearchAction","target":{"@type":"EntryPoint","urlTemplate":"https:\/\/owistoremaroc.com\/?s={search_term_string}"},"query-input":{"@type":"PropertyValueSpecification","valueRequired":true,"valueName":"search_term_string"}}],"inLanguage":"fr-FR"},{"@type":"Organization","@id":"https:\/\/owistoremaroc.com\/#organization","name":"OwiStore","url":"https:\/\/owistoremaroc.com\/","logo":{"@type":"ImageObject","inLanguage":"fr-FR","@id":"https:\/\/owistoremaroc.com\/#\/schema\/logo\/image\/","url":"https:\/\/owistoremaroc.com\/wp-content\/uploads\/2024\/07\/PhotoRoom-20240711_150305.png","contentUrl":"https:\/\/owistoremaroc.com\/wp-content\/uploads\/2024\/07\/PhotoRoom-20240711_150305.png","width":1080,"height":1080,"caption":"OwiStore"},"image":{"@id":"https:\/\/owistoremaroc.com\/#\/schema\/logo\/image\/"}}]}},"_links":{"self":[{"href":"https:\/\/owistoremaroc.com\/index.php\/wp-json\/wp\/v2\/product\/16335","targetHints":{"allow":["GET"]}}],"collection":[{"href":"https:\/\/owistoremaroc.com\/index.php\/wp-json\/wp\/v2\/product"}],"about":[{"href":"https:\/\/owistoremaroc.com\/index.php\/wp-json\/wp\/v2\/types\/product"}],"replies":[{"embeddable":true,"href":"https:\/\/owistoremaroc.com\/index.php\/wp-json\/wp\/v2\/comments?post=16335"}],"version-history":[{"count":1,"href":"https:\/\/owistoremaroc.com\/index.php\/wp-json\/wp\/v2\/product\/16335\/revisions"}],"predecessor-version":[{"id":16337,"href":"https:\/\/owistoremaroc.com\/index.php\/wp-json\/wp\/v2\/product\/16335\/revisions\/16337"}],"wp:featuredmedia":[{"embeddable":true,"href":"https:\/\/owistoremaroc.com\/index.php\/wp-json\/wp\/v2\/media\/16336"}],"wp:attachment":[{"href":"https:\/\/owistoremaroc.com\/index.php\/wp-json\/wp\/v2\/media?parent=16335"}],"wp:term":[{"taxonomy":"product_cat","embeddable":true,"href":"https:\/\/owistoremaroc.com\/index.php\/wp-json\/wp\/v2\/product_cat?post=16335"},{"taxonomy":"product_tag","embeddable":true,"href":"https:\/\/owistoremaroc.com\/index.php\/wp-json\/wp\/v2\/product_tag?post=16335"}],"curies":[{"name":"wp","href":"https:\/\/api.w.org\/{rel}","templated":true}]}}