{"id":16280,"date":"2024-09-23T14:58:55","date_gmt":"2024-09-23T14:58:55","guid":{"rendered":"https:\/\/owistoremaroc.com\/?post_type=product&#038;p=16280"},"modified":"2024-09-23T14:58:56","modified_gmt":"2024-09-23T14:58:56","slug":"asus-prime-b550m-k","status":"publish","type":"product","link":"https:\/\/owistoremaroc.com\/index.php\/produit\/asus-prime-b550m-k\/","title":{"rendered":"ASUS PRIME B550M-K"},"content":{"rendered":"<p>Pr\u00eate \u00e0 accueillir les\u00a0processeurs AMD Ryzen de 3\u00e8me g\u00e9n\u00e9ration\u00a0(nom de Core Matisse), la carte m\u00e8re\u00a0ASUS PRIME B550M-K\u00a0est id\u00e9ale pour concevoir un PC Gaming performant et \u00e9quilibr\u00e9. Le support du PCI-Express 4.0 vous emm\u00e8ne vers de nouveaux sommets. Gr\u00e2ce\u00a0\u00e0 la prise en charge de la\u00a0m\u00e9moire vive DDR4 jusqu&#8217;\u00e0 128 Go, des\u00a0cartes graphiques PCI-Express 3.0, des\u00a0disques M.2\u00a0PCIe 4.0 4x, la\u00a0carte m\u00e8re ASUS\u00a0PRIME B550M-K\u00a0profite gr\u00e2ce \u00e0 son chipset AMD B550, de ce qui se fait de mieux.<\/p>\n<p>Les\u00a0cartes m\u00e8res ASUS Prime Series\u00a0sont con\u00e7ues et pens\u00e9es pour le grand public, elles int\u00e8grent les meilleures composants et proposent des fonctionnalit\u00e9s exclusives gages de performances. Overclocking et haute efficacit\u00e9\u00a0sont au rendez-vous pour permettre aux utilisateurs de tirer parti du meilleur de leur configuration.<\/p>\n","protected":false},"excerpt":{"rendered":"<p>Carte m\u00e8re Micro ATX Socket AM4 AMD B550 &#8211; 4x DDR4 &#8211; SATA 6Gb\/s + M.2 &#8211; USB 3.1 &#8211; PCI-Express 4.0 16x<\/p>\n","protected":false},"featured_media":16281,"comment_status":"open","ping_status":"closed","template":"","meta":{"ub_ctt_via":""},"product_cat":[327],"product_tag":[],"class_list":{"0":"post-16280","1":"product","2":"type-product","3":"status-publish","4":"has-post-thumbnail","6":"product_cat-amd-cartes-meres","8":"first","9":"instock","10":"sale","11":"shipping-taxable","12":"purchasable","13":"product-type-simple","14":"add-to-wishlist-after_add_to_cart"},"yoast_head":"<!-- This site is optimized with the Yoast SEO plugin v23.4 - https:\/\/yoast.com\/wordpress\/plugins\/seo\/ -->\n<title>ASUS PRIME B550M-K - OwiStore<\/title>\n<meta name=\"robots\" content=\"index, follow, max-snippet:-1, max-image-preview:large, max-video-preview:-1\" \/>\n<link rel=\"canonical\" href=\"https:\/\/owistoremaroc.com\/index.php\/produit\/asus-prime-b550m-k\/\" \/>\n<meta property=\"og:locale\" content=\"fr_FR\" \/>\n<meta property=\"og:type\" content=\"article\" \/>\n<meta property=\"og:title\" content=\"ASUS PRIME B550M-K - OwiStore\" \/>\n<meta property=\"og:description\" content=\"Carte m\u00e8re Micro ATX Socket AM4 AMD B550 - 4x DDR4 - SATA 6Gb\/s + M.2 - USB 3.1 - PCI-Express 4.0 16x\" \/>\n<meta property=\"og:url\" content=\"https:\/\/owistoremaroc.com\/index.php\/produit\/asus-prime-b550m-k\/\" \/>\n<meta property=\"og:site_name\" content=\"OwiStore\" \/>\n<meta property=\"article:modified_time\" content=\"2024-09-23T14:58:56+00:00\" \/>\n<meta property=\"og:image\" content=\"https:\/\/owistoremaroc.com\/wp-content\/uploads\/2024\/09\/asus-prime-b550m-k.webp\" \/>\n\t<meta property=\"og:image:width\" content=\"600\" \/>\n\t<meta property=\"og:image:height\" content=\"600\" \/>\n\t<meta property=\"og:image:type\" content=\"image\/webp\" \/>\n<meta name=\"twitter:card\" content=\"summary_large_image\" \/>\n<meta name=\"twitter:label1\" content=\"Dur\u00e9e de lecture estim\u00e9e\" \/>\n\t<meta name=\"twitter:data1\" content=\"1 minute\" \/>\n<script type=\"application\/ld+json\" class=\"yoast-schema-graph\">{\"@context\":\"https:\/\/schema.org\",\"@graph\":[{\"@type\":\"WebPage\",\"@id\":\"https:\/\/owistoremaroc.com\/index.php\/produit\/asus-prime-b550m-k\/\",\"url\":\"https:\/\/owistoremaroc.com\/index.php\/produit\/asus-prime-b550m-k\/\",\"name\":\"ASUS PRIME B550M-K - OwiStore\",\"isPartOf\":{\"@id\":\"https:\/\/owistoremaroc.com\/#website\"},\"primaryImageOfPage\":{\"@id\":\"https:\/\/owistoremaroc.com\/index.php\/produit\/asus-prime-b550m-k\/#primaryimage\"},\"image\":{\"@id\":\"https:\/\/owistoremaroc.com\/index.php\/produit\/asus-prime-b550m-k\/#primaryimage\"},\"thumbnailUrl\":\"https:\/\/owistoremaroc.com\/wp-content\/uploads\/2024\/09\/asus-prime-b550m-k.webp\",\"datePublished\":\"2024-09-23T14:58:55+00:00\",\"dateModified\":\"2024-09-23T14:58:56+00:00\",\"breadcrumb\":{\"@id\":\"https:\/\/owistoremaroc.com\/index.php\/produit\/asus-prime-b550m-k\/#breadcrumb\"},\"inLanguage\":\"fr-FR\",\"potentialAction\":[{\"@type\":\"ReadAction\",\"target\":[\"https:\/\/owistoremaroc.com\/index.php\/produit\/asus-prime-b550m-k\/\"]}]},{\"@type\":\"ImageObject\",\"inLanguage\":\"fr-FR\",\"@id\":\"https:\/\/owistoremaroc.com\/index.php\/produit\/asus-prime-b550m-k\/#primaryimage\",\"url\":\"https:\/\/owistoremaroc.com\/wp-content\/uploads\/2024\/09\/asus-prime-b550m-k.webp\",\"contentUrl\":\"https:\/\/owistoremaroc.com\/wp-content\/uploads\/2024\/09\/asus-prime-b550m-k.webp\",\"width\":600,\"height\":600},{\"@type\":\"BreadcrumbList\",\"@id\":\"https:\/\/owistoremaroc.com\/index.php\/produit\/asus-prime-b550m-k\/#breadcrumb\",\"itemListElement\":[{\"@type\":\"ListItem\",\"position\":1,\"name\":\"Accueil\",\"item\":\"https:\/\/owistoremaroc.com\/\"},{\"@type\":\"ListItem\",\"position\":2,\"name\":\"Shop\",\"item\":\"https:\/\/owistoremaroc.com\/index.php\/shop\/\"},{\"@type\":\"ListItem\",\"position\":3,\"name\":\"ASUS PRIME B550M-K\"}]},{\"@type\":\"WebSite\",\"@id\":\"https:\/\/owistoremaroc.com\/#website\",\"url\":\"https:\/\/owistoremaroc.com\/\",\"name\":\"OwiStore\",\"description\":\"\",\"publisher\":{\"@id\":\"https:\/\/owistoremaroc.com\/#organization\"},\"potentialAction\":[{\"@type\":\"SearchAction\",\"target\":{\"@type\":\"EntryPoint\",\"urlTemplate\":\"https:\/\/owistoremaroc.com\/?s={search_term_string}\"},\"query-input\":{\"@type\":\"PropertyValueSpecification\",\"valueRequired\":true,\"valueName\":\"search_term_string\"}}],\"inLanguage\":\"fr-FR\"},{\"@type\":\"Organization\",\"@id\":\"https:\/\/owistoremaroc.com\/#organization\",\"name\":\"OwiStore\",\"url\":\"https:\/\/owistoremaroc.com\/\",\"logo\":{\"@type\":\"ImageObject\",\"inLanguage\":\"fr-FR\",\"@id\":\"https:\/\/owistoremaroc.com\/#\/schema\/logo\/image\/\",\"url\":\"https:\/\/owistoremaroc.com\/wp-content\/uploads\/2024\/07\/PhotoRoom-20240711_150305.png\",\"contentUrl\":\"https:\/\/owistoremaroc.com\/wp-content\/uploads\/2024\/07\/PhotoRoom-20240711_150305.png\",\"width\":1080,\"height\":1080,\"caption\":\"OwiStore\"},\"image\":{\"@id\":\"https:\/\/owistoremaroc.com\/#\/schema\/logo\/image\/\"}}]}<\/script>\n<!-- \/ Yoast SEO plugin. -->","yoast_head_json":{"title":"ASUS PRIME B550M-K - OwiStore","robots":{"index":"index","follow":"follow","max-snippet":"max-snippet:-1","max-image-preview":"max-image-preview:large","max-video-preview":"max-video-preview:-1"},"canonical":"https:\/\/owistoremaroc.com\/index.php\/produit\/asus-prime-b550m-k\/","og_locale":"fr_FR","og_type":"article","og_title":"ASUS PRIME B550M-K - OwiStore","og_description":"Carte m\u00e8re Micro ATX Socket AM4 AMD B550 - 4x DDR4 - SATA 6Gb\/s + M.2 - USB 3.1 - PCI-Express 4.0 16x","og_url":"https:\/\/owistoremaroc.com\/index.php\/produit\/asus-prime-b550m-k\/","og_site_name":"OwiStore","article_modified_time":"2024-09-23T14:58:56+00:00","og_image":[{"width":600,"height":600,"url":"https:\/\/owistoremaroc.com\/wp-content\/uploads\/2024\/09\/asus-prime-b550m-k.webp","type":"image\/webp"}],"twitter_card":"summary_large_image","twitter_misc":{"Dur\u00e9e de lecture estim\u00e9e":"1 minute"},"schema":{"@context":"https:\/\/schema.org","@graph":[{"@type":"WebPage","@id":"https:\/\/owistoremaroc.com\/index.php\/produit\/asus-prime-b550m-k\/","url":"https:\/\/owistoremaroc.com\/index.php\/produit\/asus-prime-b550m-k\/","name":"ASUS PRIME B550M-K - OwiStore","isPartOf":{"@id":"https:\/\/owistoremaroc.com\/#website"},"primaryImageOfPage":{"@id":"https:\/\/owistoremaroc.com\/index.php\/produit\/asus-prime-b550m-k\/#primaryimage"},"image":{"@id":"https:\/\/owistoremaroc.com\/index.php\/produit\/asus-prime-b550m-k\/#primaryimage"},"thumbnailUrl":"https:\/\/owistoremaroc.com\/wp-content\/uploads\/2024\/09\/asus-prime-b550m-k.webp","datePublished":"2024-09-23T14:58:55+00:00","dateModified":"2024-09-23T14:58:56+00:00","breadcrumb":{"@id":"https:\/\/owistoremaroc.com\/index.php\/produit\/asus-prime-b550m-k\/#breadcrumb"},"inLanguage":"fr-FR","potentialAction":[{"@type":"ReadAction","target":["https:\/\/owistoremaroc.com\/index.php\/produit\/asus-prime-b550m-k\/"]}]},{"@type":"ImageObject","inLanguage":"fr-FR","@id":"https:\/\/owistoremaroc.com\/index.php\/produit\/asus-prime-b550m-k\/#primaryimage","url":"https:\/\/owistoremaroc.com\/wp-content\/uploads\/2024\/09\/asus-prime-b550m-k.webp","contentUrl":"https:\/\/owistoremaroc.com\/wp-content\/uploads\/2024\/09\/asus-prime-b550m-k.webp","width":600,"height":600},{"@type":"BreadcrumbList","@id":"https:\/\/owistoremaroc.com\/index.php\/produit\/asus-prime-b550m-k\/#breadcrumb","itemListElement":[{"@type":"ListItem","position":1,"name":"Accueil","item":"https:\/\/owistoremaroc.com\/"},{"@type":"ListItem","position":2,"name":"Shop","item":"https:\/\/owistoremaroc.com\/index.php\/shop\/"},{"@type":"ListItem","position":3,"name":"ASUS PRIME B550M-K"}]},{"@type":"WebSite","@id":"https:\/\/owistoremaroc.com\/#website","url":"https:\/\/owistoremaroc.com\/","name":"OwiStore","description":"","publisher":{"@id":"https:\/\/owistoremaroc.com\/#organization"},"potentialAction":[{"@type":"SearchAction","target":{"@type":"EntryPoint","urlTemplate":"https:\/\/owistoremaroc.com\/?s={search_term_string}"},"query-input":{"@type":"PropertyValueSpecification","valueRequired":true,"valueName":"search_term_string"}}],"inLanguage":"fr-FR"},{"@type":"Organization","@id":"https:\/\/owistoremaroc.com\/#organization","name":"OwiStore","url":"https:\/\/owistoremaroc.com\/","logo":{"@type":"ImageObject","inLanguage":"fr-FR","@id":"https:\/\/owistoremaroc.com\/#\/schema\/logo\/image\/","url":"https:\/\/owistoremaroc.com\/wp-content\/uploads\/2024\/07\/PhotoRoom-20240711_150305.png","contentUrl":"https:\/\/owistoremaroc.com\/wp-content\/uploads\/2024\/07\/PhotoRoom-20240711_150305.png","width":1080,"height":1080,"caption":"OwiStore"},"image":{"@id":"https:\/\/owistoremaroc.com\/#\/schema\/logo\/image\/"}}]}},"_links":{"self":[{"href":"https:\/\/owistoremaroc.com\/index.php\/wp-json\/wp\/v2\/product\/16280","targetHints":{"allow":["GET"]}}],"collection":[{"href":"https:\/\/owistoremaroc.com\/index.php\/wp-json\/wp\/v2\/product"}],"about":[{"href":"https:\/\/owistoremaroc.com\/index.php\/wp-json\/wp\/v2\/types\/product"}],"replies":[{"embeddable":true,"href":"https:\/\/owistoremaroc.com\/index.php\/wp-json\/wp\/v2\/comments?post=16280"}],"version-history":[{"count":1,"href":"https:\/\/owistoremaroc.com\/index.php\/wp-json\/wp\/v2\/product\/16280\/revisions"}],"predecessor-version":[{"id":16282,"href":"https:\/\/owistoremaroc.com\/index.php\/wp-json\/wp\/v2\/product\/16280\/revisions\/16282"}],"wp:featuredmedia":[{"embeddable":true,"href":"https:\/\/owistoremaroc.com\/index.php\/wp-json\/wp\/v2\/media\/16281"}],"wp:attachment":[{"href":"https:\/\/owistoremaroc.com\/index.php\/wp-json\/wp\/v2\/media?parent=16280"}],"wp:term":[{"taxonomy":"product_cat","embeddable":true,"href":"https:\/\/owistoremaroc.com\/index.php\/wp-json\/wp\/v2\/product_cat?post=16280"},{"taxonomy":"product_tag","embeddable":true,"href":"https:\/\/owistoremaroc.com\/index.php\/wp-json\/wp\/v2\/product_tag?post=16280"}],"curies":[{"name":"wp","href":"https:\/\/api.w.org\/{rel}","templated":true}]}}