{"id":16228,"date":"2024-09-23T09:55:36","date_gmt":"2024-09-23T09:55:36","guid":{"rendered":"https:\/\/owistoremaroc.com\/?post_type=product&#038;p=16228"},"modified":"2024-09-23T09:55:36","modified_gmt":"2024-09-23T09:55:36","slug":"imprimante-laser-monochrome-hp-laserjet-pro-4003dw","status":"publish","type":"product","link":"https:\/\/owistoremaroc.com\/index.php\/produit\/imprimante-laser-monochrome-hp-laserjet-pro-4003dw\/","title":{"rendered":"Imprimante Laser Monochrome HP LaserJet Pro 4003dw"},"content":{"rendered":"<p style=\"font-weight: 400;\">Vitesse d&#8217;impression noir: Jusqu&#8217;\u00e0 40 ppm (norme ISO)<\/p>\n<p style=\"font-weight: 400;\">Qualit\u00e9 d&#8217;impression noire: Lignes fines (1 200 x 1 200 ppp)<\/p>\n<p style=\"font-weight: 400;\">Volume de pages mensuel recommand\u00e9: 750 \u00e0 4 000<\/p>\n<p style=\"font-weight: 400;\">Impression recto\/verso: Automatique<\/p>\n<p style=\"font-weight: 400;\">Fonctionne avec: 1 (noir)<\/p>\n<p style=\"font-weight: 400;\">Connectivit\u00e9: Wi-Fi + Bluetooth; 1 port USB 2.0 haut d\u00e9bit, 1 port USB h\u00f4te \u00e0 l\u2019arri\u00e8re; r\u00e9seau Gigabit Ethernet 10\/100\/1000BASE-T;<\/p>\n<p style=\"font-weight: 400;\">La s\u00e9rie HP LaserJet Pro 4003 remplace la s\u00e9rie HP LaserJet Pro M404.<\/p>\n","protected":false},"excerpt":{"rendered":"<p><b>Imprimante Laser Monochrome HP LaserJet Pro 4003dw<\/b><\/p>\n","protected":false},"featured_media":16229,"comment_status":"open","ping_status":"closed","template":"","meta":{"ub_ctt_via":""},"product_cat":[263],"product_tag":[],"class_list":{"0":"post-16228","1":"product","2":"type-product","3":"status-publish","4":"has-post-thumbnail","6":"product_cat-imprimantes-laser","8":"first","9":"instock","10":"sale","11":"shipping-taxable","12":"purchasable","13":"product-type-simple","14":"add-to-wishlist-after_add_to_cart"},"yoast_head":"<!-- This site is optimized with the Yoast SEO plugin v23.4 - https:\/\/yoast.com\/wordpress\/plugins\/seo\/ -->\n<title>Imprimante Laser Monochrome HP LaserJet Pro 4003dw - OwiStore<\/title>\n<meta name=\"robots\" content=\"index, follow, max-snippet:-1, max-image-preview:large, max-video-preview:-1\" \/>\n<link rel=\"canonical\" href=\"https:\/\/owistoremaroc.com\/index.php\/produit\/imprimante-laser-monochrome-hp-laserjet-pro-4003dw\/\" \/>\n<meta property=\"og:locale\" content=\"fr_FR\" \/>\n<meta property=\"og:type\" content=\"article\" \/>\n<meta property=\"og:title\" content=\"Imprimante Laser Monochrome HP LaserJet Pro 4003dw - OwiStore\" \/>\n<meta property=\"og:description\" content=\"Imprimante Laser Monochrome HP LaserJet Pro 4003dw\" \/>\n<meta property=\"og:url\" content=\"https:\/\/owistoremaroc.com\/index.php\/produit\/imprimante-laser-monochrome-hp-laserjet-pro-4003dw\/\" \/>\n<meta property=\"og:site_name\" content=\"OwiStore\" \/>\n<meta property=\"og:image\" content=\"https:\/\/owistoremaroc.com\/wp-content\/uploads\/2024\/09\/imprimante-laser-monochrome-hp-laserjet-pro-4003dw-2z610a.webp\" \/>\n\t<meta property=\"og:image:width\" content=\"1000\" \/>\n\t<meta property=\"og:image:height\" content=\"1260\" \/>\n\t<meta property=\"og:image:type\" content=\"image\/webp\" \/>\n<meta name=\"twitter:card\" content=\"summary_large_image\" \/>\n<meta name=\"twitter:label1\" content=\"Dur\u00e9e de lecture estim\u00e9e\" \/>\n\t<meta name=\"twitter:data1\" content=\"1 minute\" \/>\n<script type=\"application\/ld+json\" class=\"yoast-schema-graph\">{\"@context\":\"https:\/\/schema.org\",\"@graph\":[{\"@type\":\"WebPage\",\"@id\":\"https:\/\/owistoremaroc.com\/index.php\/produit\/imprimante-laser-monochrome-hp-laserjet-pro-4003dw\/\",\"url\":\"https:\/\/owistoremaroc.com\/index.php\/produit\/imprimante-laser-monochrome-hp-laserjet-pro-4003dw\/\",\"name\":\"Imprimante Laser Monochrome HP LaserJet Pro 4003dw - OwiStore\",\"isPartOf\":{\"@id\":\"https:\/\/owistoremaroc.com\/#website\"},\"primaryImageOfPage\":{\"@id\":\"https:\/\/owistoremaroc.com\/index.php\/produit\/imprimante-laser-monochrome-hp-laserjet-pro-4003dw\/#primaryimage\"},\"image\":{\"@id\":\"https:\/\/owistoremaroc.com\/index.php\/produit\/imprimante-laser-monochrome-hp-laserjet-pro-4003dw\/#primaryimage\"},\"thumbnailUrl\":\"https:\/\/owistoremaroc.com\/wp-content\/uploads\/2024\/09\/imprimante-laser-monochrome-hp-laserjet-pro-4003dw-2z610a.webp\",\"datePublished\":\"2024-09-23T09:55:36+00:00\",\"dateModified\":\"2024-09-23T09:55:36+00:00\",\"breadcrumb\":{\"@id\":\"https:\/\/owistoremaroc.com\/index.php\/produit\/imprimante-laser-monochrome-hp-laserjet-pro-4003dw\/#breadcrumb\"},\"inLanguage\":\"fr-FR\",\"potentialAction\":[{\"@type\":\"ReadAction\",\"target\":[\"https:\/\/owistoremaroc.com\/index.php\/produit\/imprimante-laser-monochrome-hp-laserjet-pro-4003dw\/\"]}]},{\"@type\":\"ImageObject\",\"inLanguage\":\"fr-FR\",\"@id\":\"https:\/\/owistoremaroc.com\/index.php\/produit\/imprimante-laser-monochrome-hp-laserjet-pro-4003dw\/#primaryimage\",\"url\":\"https:\/\/owistoremaroc.com\/wp-content\/uploads\/2024\/09\/imprimante-laser-monochrome-hp-laserjet-pro-4003dw-2z610a.webp\",\"contentUrl\":\"https:\/\/owistoremaroc.com\/wp-content\/uploads\/2024\/09\/imprimante-laser-monochrome-hp-laserjet-pro-4003dw-2z610a.webp\",\"width\":1000,\"height\":1260},{\"@type\":\"BreadcrumbList\",\"@id\":\"https:\/\/owistoremaroc.com\/index.php\/produit\/imprimante-laser-monochrome-hp-laserjet-pro-4003dw\/#breadcrumb\",\"itemListElement\":[{\"@type\":\"ListItem\",\"position\":1,\"name\":\"Accueil\",\"item\":\"https:\/\/owistoremaroc.com\/\"},{\"@type\":\"ListItem\",\"position\":2,\"name\":\"Shop\",\"item\":\"https:\/\/owistoremaroc.com\/index.php\/shop\/\"},{\"@type\":\"ListItem\",\"position\":3,\"name\":\"Imprimante Laser Monochrome HP LaserJet Pro 4003dw\"}]},{\"@type\":\"WebSite\",\"@id\":\"https:\/\/owistoremaroc.com\/#website\",\"url\":\"https:\/\/owistoremaroc.com\/\",\"name\":\"OwiStore\",\"description\":\"\",\"publisher\":{\"@id\":\"https:\/\/owistoremaroc.com\/#organization\"},\"potentialAction\":[{\"@type\":\"SearchAction\",\"target\":{\"@type\":\"EntryPoint\",\"urlTemplate\":\"https:\/\/owistoremaroc.com\/?s={search_term_string}\"},\"query-input\":{\"@type\":\"PropertyValueSpecification\",\"valueRequired\":true,\"valueName\":\"search_term_string\"}}],\"inLanguage\":\"fr-FR\"},{\"@type\":\"Organization\",\"@id\":\"https:\/\/owistoremaroc.com\/#organization\",\"name\":\"OwiStore\",\"url\":\"https:\/\/owistoremaroc.com\/\",\"logo\":{\"@type\":\"ImageObject\",\"inLanguage\":\"fr-FR\",\"@id\":\"https:\/\/owistoremaroc.com\/#\/schema\/logo\/image\/\",\"url\":\"https:\/\/owistoremaroc.com\/wp-content\/uploads\/2024\/07\/PhotoRoom-20240711_150305.png\",\"contentUrl\":\"https:\/\/owistoremaroc.com\/wp-content\/uploads\/2024\/07\/PhotoRoom-20240711_150305.png\",\"width\":1080,\"height\":1080,\"caption\":\"OwiStore\"},\"image\":{\"@id\":\"https:\/\/owistoremaroc.com\/#\/schema\/logo\/image\/\"}}]}<\/script>\n<!-- \/ Yoast SEO plugin. -->","yoast_head_json":{"title":"Imprimante Laser Monochrome HP LaserJet Pro 4003dw - OwiStore","robots":{"index":"index","follow":"follow","max-snippet":"max-snippet:-1","max-image-preview":"max-image-preview:large","max-video-preview":"max-video-preview:-1"},"canonical":"https:\/\/owistoremaroc.com\/index.php\/produit\/imprimante-laser-monochrome-hp-laserjet-pro-4003dw\/","og_locale":"fr_FR","og_type":"article","og_title":"Imprimante Laser Monochrome HP LaserJet Pro 4003dw - OwiStore","og_description":"Imprimante Laser Monochrome HP LaserJet Pro 4003dw","og_url":"https:\/\/owistoremaroc.com\/index.php\/produit\/imprimante-laser-monochrome-hp-laserjet-pro-4003dw\/","og_site_name":"OwiStore","og_image":[{"width":1000,"height":1260,"url":"https:\/\/owistoremaroc.com\/wp-content\/uploads\/2024\/09\/imprimante-laser-monochrome-hp-laserjet-pro-4003dw-2z610a.webp","type":"image\/webp"}],"twitter_card":"summary_large_image","twitter_misc":{"Dur\u00e9e de lecture estim\u00e9e":"1 minute"},"schema":{"@context":"https:\/\/schema.org","@graph":[{"@type":"WebPage","@id":"https:\/\/owistoremaroc.com\/index.php\/produit\/imprimante-laser-monochrome-hp-laserjet-pro-4003dw\/","url":"https:\/\/owistoremaroc.com\/index.php\/produit\/imprimante-laser-monochrome-hp-laserjet-pro-4003dw\/","name":"Imprimante Laser Monochrome HP LaserJet Pro 4003dw - OwiStore","isPartOf":{"@id":"https:\/\/owistoremaroc.com\/#website"},"primaryImageOfPage":{"@id":"https:\/\/owistoremaroc.com\/index.php\/produit\/imprimante-laser-monochrome-hp-laserjet-pro-4003dw\/#primaryimage"},"image":{"@id":"https:\/\/owistoremaroc.com\/index.php\/produit\/imprimante-laser-monochrome-hp-laserjet-pro-4003dw\/#primaryimage"},"thumbnailUrl":"https:\/\/owistoremaroc.com\/wp-content\/uploads\/2024\/09\/imprimante-laser-monochrome-hp-laserjet-pro-4003dw-2z610a.webp","datePublished":"2024-09-23T09:55:36+00:00","dateModified":"2024-09-23T09:55:36+00:00","breadcrumb":{"@id":"https:\/\/owistoremaroc.com\/index.php\/produit\/imprimante-laser-monochrome-hp-laserjet-pro-4003dw\/#breadcrumb"},"inLanguage":"fr-FR","potentialAction":[{"@type":"ReadAction","target":["https:\/\/owistoremaroc.com\/index.php\/produit\/imprimante-laser-monochrome-hp-laserjet-pro-4003dw\/"]}]},{"@type":"ImageObject","inLanguage":"fr-FR","@id":"https:\/\/owistoremaroc.com\/index.php\/produit\/imprimante-laser-monochrome-hp-laserjet-pro-4003dw\/#primaryimage","url":"https:\/\/owistoremaroc.com\/wp-content\/uploads\/2024\/09\/imprimante-laser-monochrome-hp-laserjet-pro-4003dw-2z610a.webp","contentUrl":"https:\/\/owistoremaroc.com\/wp-content\/uploads\/2024\/09\/imprimante-laser-monochrome-hp-laserjet-pro-4003dw-2z610a.webp","width":1000,"height":1260},{"@type":"BreadcrumbList","@id":"https:\/\/owistoremaroc.com\/index.php\/produit\/imprimante-laser-monochrome-hp-laserjet-pro-4003dw\/#breadcrumb","itemListElement":[{"@type":"ListItem","position":1,"name":"Accueil","item":"https:\/\/owistoremaroc.com\/"},{"@type":"ListItem","position":2,"name":"Shop","item":"https:\/\/owistoremaroc.com\/index.php\/shop\/"},{"@type":"ListItem","position":3,"name":"Imprimante Laser Monochrome HP LaserJet Pro 4003dw"}]},{"@type":"WebSite","@id":"https:\/\/owistoremaroc.com\/#website","url":"https:\/\/owistoremaroc.com\/","name":"OwiStore","description":"","publisher":{"@id":"https:\/\/owistoremaroc.com\/#organization"},"potentialAction":[{"@type":"SearchAction","target":{"@type":"EntryPoint","urlTemplate":"https:\/\/owistoremaroc.com\/?s={search_term_string}"},"query-input":{"@type":"PropertyValueSpecification","valueRequired":true,"valueName":"search_term_string"}}],"inLanguage":"fr-FR"},{"@type":"Organization","@id":"https:\/\/owistoremaroc.com\/#organization","name":"OwiStore","url":"https:\/\/owistoremaroc.com\/","logo":{"@type":"ImageObject","inLanguage":"fr-FR","@id":"https:\/\/owistoremaroc.com\/#\/schema\/logo\/image\/","url":"https:\/\/owistoremaroc.com\/wp-content\/uploads\/2024\/07\/PhotoRoom-20240711_150305.png","contentUrl":"https:\/\/owistoremaroc.com\/wp-content\/uploads\/2024\/07\/PhotoRoom-20240711_150305.png","width":1080,"height":1080,"caption":"OwiStore"},"image":{"@id":"https:\/\/owistoremaroc.com\/#\/schema\/logo\/image\/"}}]}},"_links":{"self":[{"href":"https:\/\/owistoremaroc.com\/index.php\/wp-json\/wp\/v2\/product\/16228","targetHints":{"allow":["GET"]}}],"collection":[{"href":"https:\/\/owistoremaroc.com\/index.php\/wp-json\/wp\/v2\/product"}],"about":[{"href":"https:\/\/owistoremaroc.com\/index.php\/wp-json\/wp\/v2\/types\/product"}],"replies":[{"embeddable":true,"href":"https:\/\/owistoremaroc.com\/index.php\/wp-json\/wp\/v2\/comments?post=16228"}],"version-history":[{"count":1,"href":"https:\/\/owistoremaroc.com\/index.php\/wp-json\/wp\/v2\/product\/16228\/revisions"}],"predecessor-version":[{"id":16230,"href":"https:\/\/owistoremaroc.com\/index.php\/wp-json\/wp\/v2\/product\/16228\/revisions\/16230"}],"wp:featuredmedia":[{"embeddable":true,"href":"https:\/\/owistoremaroc.com\/index.php\/wp-json\/wp\/v2\/media\/16229"}],"wp:attachment":[{"href":"https:\/\/owistoremaroc.com\/index.php\/wp-json\/wp\/v2\/media?parent=16228"}],"wp:term":[{"taxonomy":"product_cat","embeddable":true,"href":"https:\/\/owistoremaroc.com\/index.php\/wp-json\/wp\/v2\/product_cat?post=16228"},{"taxonomy":"product_tag","embeddable":true,"href":"https:\/\/owistoremaroc.com\/index.php\/wp-json\/wp\/v2\/product_tag?post=16228"}],"curies":[{"name":"wp","href":"https:\/\/api.w.org\/{rel}","templated":true}]}}